{"id":1243,"date":"2024-07-16T17:47:23","date_gmt":"2024-07-16T17:47:23","guid":{"rendered":"https:\/\/gprocourses.org\/concluir-a-avaliacao\/"},"modified":"2025-06-01T19:59:03","modified_gmt":"2025-06-01T19:59:03","slug":"concluir-a-avaliacao","status":"publish","type":"page","link":"https:\/\/gprocourses.org\/pt-pt\/concluir-a-avaliacao\/","title":{"rendered":"Concluir a Avalia\u00e7\u00e3o"},"content":{"rendered":"<p>[et_pb_section fb_built=&#8221;1&#8243; admin_label=&#8221;Introduction&#8221; _builder_version=&#8221;4.22.1&#8243; _module_preset=&#8221;default&#8221; background_color=&#8221;gcid-f6a3689d-a668-4350-af50-132b2d07b02b&#8221; background_image=&#8221;https:\/\/gprocourses.org\/wp-content\/uploads\/2023\/10\/makeup-studio-47.png&#8221; parallax=&#8221;on&#8221; collapsed=&#8221;off&#8221; global_colors_info=&#8221;{%22gcid-f6a3689d-a668-4350-af50-132b2d07b02b%22:%91%22background_color%22%93}&#8221;][et_pb_row _builder_version=&#8221;4.20.2&#8243; _module_preset=&#8221;default&#8221; global_colors_info=&#8221;{}&#8221;][et_pb_column type=&#8221;4_4&#8243; _builder_version=&#8221;4.19.2&#8243; _module_preset=&#8221;default&#8221; global_colors_info=&#8221;{}&#8221;][et_pb_text _builder_version=&#8221;4.22.1&#8243; _module_preset=&#8221;83f8b3a1-4964-40a4-8258-89cafd12395e&#8221; header_font=&#8221;||||||||&#8221; header_font_size=&#8221;80px&#8221; header_line_height=&#8221;1.2em&#8221; header_font_size_tablet=&#8221;&#8221; header_font_size_phone=&#8221;&#8221; header_font_size_last_edited=&#8221;on|desktop&#8221; global_colors_info=&#8221;{}&#8221;]<\/p>\n<h1>Concluir a Avalia\u00e7\u00e3o<\/h1>\n<p>[\/et_pb_text][et_pb_video src=&#8221;https:\/\/gprocourses.org\/wp-content\/uploads\/2024\/06\/CompleteAssessment_min.mp4&#8243; _builder_version=&#8221;4.25.2&#8243; _module_preset=&#8221;default&#8221; global_colors_info=&#8221;{}&#8221;][\/et_pb_video][\/et_pb_column][\/et_pb_row][et_pb_row column_structure=&#8221;1_2,1_2&#8243; _builder_version=&#8221;4.22.1&#8243; _module_preset=&#8221;default&#8221; global_colors_info=&#8221;{}&#8221;][et_pb_column type=&#8221;1_2&#8243; _builder_version=&#8221;4.22.1&#8243; _module_preset=&#8221;default&#8221; overflow-x=&#8221;visible&#8221; overflow-y=&#8221;visible&#8221; custom_padding=&#8221;30px|30px|30px|30px|true|true&#8221; global_colors_info=&#8221;{}&#8221;][et_pb_text _builder_version=&#8221;4.22.1&#8243; _module_preset=&#8221;da72ac87-7eb6-42af-9fe3-5c8fe38c13ff&#8221; global_colors_info=&#8221;{}&#8221;]<\/p>\n<h1>A Estrutura das 7 \u00canfases Principais do GProCommission<\/h1>\n<p>[\/et_pb_text][et_pb_text _builder_version=&#8221;4.27.0&#8243; _module_preset=&#8221;25424015-50a2-43b0-96f3-66b5dc6e6059&#8243; hover_enabled=&#8221;0&#8243; header_font_size_tablet=&#8221;55px&#8221; header_font_size_last_edited=&#8221;off|desktop&#8221; global_colors_info=&#8221;{}&#8221; sticky_enabled=&#8221;0&#8243;]<\/p>\n<p><span style=\"font-weight: 400;\">A Estrutura das 7 \u00canfases Principais do GProCommission define \u00e1reas-chave para o treinamento eficaz de pastores. Estes n\u00e3o s\u00e3o cursos, mas <\/span><i><span style=\"font-weight: 400;\">campos essenciais de aprendizagem<\/span><\/i> <span style=\"font-weight: 400;\">para l\u00edderes pastorais.<\/span><\/p>\n<p><span style=\"font-weight: 400;\"><\/span><span style=\"font-weight: 400;\">Os l\u00edderes pastorais e treinadores podem avaliar a sua compet\u00eancia nestas 7 \u00eanfases usando a Ferramenta de Auto-Avalia\u00e7\u00e3o das 7 \u00canfases Principais.<\/span><\/p>\n<p><span style=\"font-weight: 400;\"><\/span><span style=\"font-weight: 400;\">Clique no bot\u00e3o \u201cautoavalia\u00e7\u00e3o\u201d para uma avalia\u00e7\u00e3o online e receba os resultados por e-mail ap\u00f3s finalizar.<\/span><\/p>\n<p><span style=\"font-weight: 400;\">Pronto para ver os seus resultados? Clique no bot\u00e3o abaixo para concluir a avalia\u00e7\u00e3o de 20 minutos.<\/span><\/p>\n<p>[\/et_pb_text][et_pb_button button_url=&#8221;https:\/\/forms.gle\/3qqHZp26G9Pbuoh66&#8243; url_new_window=&#8221;on&#8221; button_text=&#8221;Autoavalia\u00e7\u00e3o&#8221; button_alignment=&#8221;center&#8221; _builder_version=&#8221;4.22.1&#8243; _module_preset=&#8221;default&#8221; custom_button=&#8221;on&#8221; button_text_size=&#8221;28px&#8221; button_text_color=&#8221;#FFFFFF&#8221; button_bg_color=&#8221;#e02b20&#8243; button_border_radius=&#8221;31px&#8221; button_icon=&#8221;&#xf46c;||fa||900&#8243; button_text_shadow_style=&#8221;preset3&#8243; button_text_shadow_color=&#8221;rgba(0,0,0,0.79)&#8221; box_shadow_style=&#8221;preset3&#8243; global_colors_info=&#8221;{}&#8221;][\/et_pb_button][\/et_pb_column][et_pb_column type=&#8221;1_2&#8243; _builder_version=&#8221;4.19.2&#8243; _module_preset=&#8221;default&#8221; overflow-x=&#8221;visible&#8221; overflow-y=&#8221;visible&#8221; custom_padding=&#8221;30px|30px|30px|30px|true|true&#8221; border_radii=&#8221;on|500px|500px|500px|500px&#8221; border_width_all=&#8221;6px&#8221; border_color_all=&#8221;#EBEBEB&#8221; global_colors_info=&#8221;{}&#8221;][et_pb_image src=&#8221;https:\/\/gprocourses.org\/wp-content\/uploads\/2023\/10\/7-Core-Emphases-Matrix-1.png&#8221; title_text=&#8221;7 Matriz de \u00eanfases principais&#8221; _builder_version=&#8221;4.22.1&#8243; _module_preset=&#8221;default&#8221; custom_margin=&#8221;||-3px|||&#8221; border_radii=&#8221;on|500px|500px|500px|500px&#8221; border_width_all=&#8221;10px&#8221; border_color_all=&#8221;#FFFFFF&#8221; box_shadow_style=&#8221;preset4&#8243; box_shadow_horizontal=&#8221;0px&#8221; box_shadow_vertical=&#8221;0px&#8221; box_shadow_spread=&#8221;30px&#8221; box_shadow_color=&#8221;gcid-f6a3689d-a668-4350-af50-132b2d07b02b&#8221; global_colors_info=&#8221;{%22gcid-f6a3689d-a668-4350-af50-132b2d07b02b%22:%91%22box_shadow_color%22%93}&#8221;][\/et_pb_image][et_pb_image src=&#8221;https:\/\/gprocourses.org\/wp-content\/uploads\/2023\/10\/earth-africa-solid.png&#8221; title_text=&#8221;terra-africa-s\u00f3lida&#8221; _builder_version=&#8221;4.22.1&#8243; _module_preset=&#8221;default&#8221; transform_translate=&#8221;128%|-67px&#8221; transform_translate_linked=&#8221;off&#8221; positioning=&#8221;absolute&#8221; z_index=&#8221;-100&#8243; width=&#8221;55%&#8221; filter_opacity=&#8221;63%&#8221; animation_direction=&#8221;bottom&#8221; motion_trigger_start=&#8221;top&#8221; global_colors_info=&#8221;{}&#8221;][\/et_pb_image][\/et_pb_column][\/et_pb_row][\/et_pb_section]<\/p>\n","protected":false},"excerpt":{"rendered":"<p>Concluir a Avalia\u00e7\u00e3oA Estrutura das 7 \u00canfases Principais do GProCommissionA Estrutura das 7 \u00canfases Principais do GProCommission define \u00e1reas-chave para o treinamento eficaz de pastores. Estes n\u00e3o s\u00e3o cursos, mas campos essenciais de aprendizagem para l\u00edderes pastorais. Os l\u00edderes pastorais e treinadores podem avaliar a sua compet\u00eancia nestas 7 \u00eanfases usando a Ferramenta de Auto-Avalia\u00e7\u00e3o [&hellip;]<\/p>\n","protected":false},"author":12,"featured_media":0,"parent":0,"menu_order":0,"comment_status":"closed","ping_status":"closed","template":"","meta":{"_et_pb_use_builder":"on","_et_pb_old_content":"","_et_gb_content_width":"","footnotes":""},"class_list":["post-1243","page","type-page","status-publish","hentry"],"_links":{"self":[{"href":"https:\/\/gprocourses.org\/pt-pt\/wp-json\/wp\/v2\/pages\/1243","targetHints":{"allow":["GET"]}}],"collection":[{"href":"https:\/\/gprocourses.org\/pt-pt\/wp-json\/wp\/v2\/pages"}],"about":[{"href":"https:\/\/gprocourses.org\/pt-pt\/wp-json\/wp\/v2\/types\/page"}],"author":[{"embeddable":true,"href":"https:\/\/gprocourses.org\/pt-pt\/wp-json\/wp\/v2\/users\/12"}],"replies":[{"embeddable":true,"href":"https:\/\/gprocourses.org\/pt-pt\/wp-json\/wp\/v2\/comments?post=1243"}],"version-history":[{"count":5,"href":"https:\/\/gprocourses.org\/pt-pt\/wp-json\/wp\/v2\/pages\/1243\/revisions"}],"predecessor-version":[{"id":2094,"href":"https:\/\/gprocourses.org\/pt-pt\/wp-json\/wp\/v2\/pages\/1243\/revisions\/2094"}],"wp:attachment":[{"href":"https:\/\/gprocourses.org\/pt-pt\/wp-json\/wp\/v2\/media?parent=1243"}],"curies":[{"name":"wp","href":"https:\/\/api.w.org\/{rel}","templated":true}]}}