{"id":1246,"date":"2024-07-16T17:48:20","date_gmt":"2024-07-16T17:48:20","guid":{"rendered":"https:\/\/gprocourses.org\/soumettre-des-cours\/"},"modified":"2025-01-21T13:39:58","modified_gmt":"2025-01-21T13:39:58","slug":"soumettre-des-cours","status":"publish","type":"page","link":"https:\/\/gprocourses.org\/fr\/soumettre-des-cours\/","title":{"rendered":"Soumettre des cours"},"content":{"rendered":"<p>[et_pb_section fb_built=\u00a0\u00bb1&Prime; admin_label=\u00a0\u00bbIntroduction\u00a0\u00bb _builder_version=\u00a0\u00bb4.22.1&Prime; _module_preset=\u00a0\u00bbdefault\u00a0\u00bb background_color=\u00a0\u00bbgcid-f6a3689d-a668-4350-af50-132b2d07b02b\u00a0\u00bb background_image=\u00a0\u00bbhttps:\/\/gprocourses.org\/wp-content\/uploads\/2023\/10\/makeup-studio-47.png\u00a0\u00bb parallax=\u00a0\u00bbon\u00a0\u00bb collapsed=\u00a0\u00bboff\u00a0\u00bb global_colors_info=\u00a0\u00bb{%22gcid-f6a3689d-a668-4350-af50-132b2d07b02b%22:%91%22background_color%22%93}\u00a0\u00bb][et_pb_row _builder_version=\u00a0\u00bb4.20.2&Prime; _module_preset=\u00a0\u00bbdefault\u00a0\u00bb global_colors_info=\u00a0\u00bb{}\u00a0\u00bb][et_pb_column type=\u00a0\u00bb4_4&Prime; _builder_version=\u00a0\u00bb4.19.2&Prime; _module_preset=\u00a0\u00bbdefault\u00a0\u00bb global_colors_info=\u00a0\u00bb{}\u00a0\u00bb][et_pb_text _builder_version=\u00a0\u00bb4.22.1&Prime; _module_preset=\u00a0\u00bb83f8b3a1-4964-40a4-8258-89cafd12395e\u00a0\u00bb header_font=\u00a0\u00bb||||||||\u00a0\u00bb header_font_size=\u00a0\u00bb80px\u00a0\u00bb header_line_height=\u00a0\u00bb1.2em\u00a0\u00bb header_font_size_tablet=\u00a0\u00bb\u00a0\u00bb header_font_size_phone=\u00a0\u00bb\u00a0\u00bb header_font_size_last_edited=\u00a0\u00bbon|desktop\u00a0\u00bb global_colors_info=\u00a0\u00bb{}\u00a0\u00bb]<\/p>\n<h1>Soumettre des cours<\/h1>\n<p>[\/et_pb_text][\/et_pb_column][\/et_pb_row][\/et_pb_section][et_pb_section fb_built=\u00a0\u00bb1&Prime; admin_label=\u00a0\u00bbUse 2&Prime; _builder_version=\u00a0\u00bb4.27.0&Prime; _module_preset=\u00a0\u00bbdefault\u00a0\u00bb background_color=\u00a0\u00bbgcid-d69cdd80-7102-4dfa-b2aa-4f565509d968&Prime; background_image=\u00a0\u00bbhttps:\/\/gprocourses.org\/wp-content\/uploads\/2023\/10\/earth-africa-solid.png\u00a0\u00bb background_size=\u00a0\u00bbcustom\u00a0\u00bb background_image_width=\u00a0\u00bb23%\u00a0\u00bb background_position=\u00a0\u00bbtop_left\u00a0\u00bb background_horizontal_offset=\u00a0\u00bb3vw\u00a0\u00bb background_vertical_offset=\u00a0\u00bb4vw\u00a0\u00bb hover_enabled=\u00a0\u00bb0&Prime; collapsed=\u00a0\u00bbon\u00a0\u00bb global_colors_info=\u00a0\u00bb{%22gcid-d69cdd80-7102-4dfa-b2aa-4f565509d968%22:%91%22background_color%22%93}\u00a0\u00bb custom_padding=\u00a0\u00bb0px||||false|false\u00a0\u00bb sticky_enabled=\u00a0\u00bb0&Prime;][et_pb_row _builder_version=\u00a0\u00bb4.27.0&Prime; _module_preset=\u00a0\u00bbdefault\u00a0\u00bb hover_enabled=\u00a0\u00bb0&Prime; sticky_enabled=\u00a0\u00bb0&Prime; module_alignment=\u00a0\u00bbcenter\u00a0\u00bb][et_pb_column _builder_version=\u00a0\u00bb4.27.0&Prime; _module_preset=\u00a0\u00bbdefault\u00a0\u00bb type=\u00a0\u00bb4_4&Prime;][et_pb_text _builder_version=\u00a0\u00bb4.27.0&Prime; _module_preset=\u00a0\u00bbdefault\u00a0\u00bb hover_enabled=\u00a0\u00bb0&Prime; sticky_enabled=\u00a0\u00bb0&Prime;]<\/p>\n<h1 style=\"text-align: left;\">Une plateforme abordable pour VOS cours<\/h1>\n<p style=\"text-align: left;\">Les formateurs de pasteurs \u00e0 la recherche de solutions rentables pour \u00e9tablir leurs propres cours en ligne peuvent tirer parti du syst\u00e8me de gestion de l&rsquo;apprentissage ( LMS ) interne de GProCourses. Maintenant, vos cours peuvent \u00eatre des options pour les \u00e9tudiants de <a href=\"http:\/\/gprocourses.org\/\" target=\"_blank\" rel=\"noopener\">GProCourses.org<\/a> qui ont \u00e9t\u00e9 \u00e9valu\u00e9s et qui cherchent \u00e0 se perfectionner et \u00e0 recevoir une certification.<\/p>\n<p>[\/et_pb_text][\/et_pb_column][\/et_pb_row][et_pb_row column_structure=\u00a0\u00bb1_3,1_3,1_3&Prime; _builder_version=\u00a0\u00bb4.19.2&Prime; _module_preset=\u00a0\u00bbdefault\u00a0\u00bb locked=\u00a0\u00bboff\u00a0\u00bb global_colors_info=\u00a0\u00bb{}\u00a0\u00bb][et_pb_column type=\u00a0\u00bb1_3&Prime; _builder_version=\u00a0\u00bb4.19.2&Prime; _module_preset=\u00a0\u00bbdefault\u00a0\u00bb global_colors_info=\u00a0\u00bb{}\u00a0\u00bb][et_pb_pricing_tables header_background_color=\u00a0\u00bbRGBA(255,255,255,0)\u00a0\u00bb show_bullet=\u00a0\u00bboff\u00a0\u00bb _builder_version=\u00a0\u00bb4.22.1&Prime; _module_preset=\u00a0\u00bbdefault\u00a0\u00bb excluded_text_color=\u00a0\u00bbrgba(32,34,37,0.6)\u00a0\u00bb subheader_text_color=\u00a0\u00bbgcid-b1edc6de-4f69-4ae0-82ad-bb59642df629&Prime; body_text_color=\u00a0\u00bb#202225&Prime; header_text_color=\u00a0\u00bbgcid-d47a49fa-a225-478e-adfe-47da13f8136c\u00a0\u00bb header_font=\u00a0\u00bbOswald|700|||||||\u00a0\u00bb header_font_size=\u00a0\u00bb22px\u00a0\u00bb header_letter_spacing=\u00a0\u00bb-0.02em\u00a0\u00bb header_line_height=\u00a0\u00bb1.4em\u00a0\u00bb body_font=\u00a0\u00bbPoppins|500|||||||\u00a0\u00bb subheader_font=\u00a0\u00bbPoppins|600|||||||\u00a0\u00bb subheader_font_size=\u00a0\u00bb16px\u00a0\u00bb price_font=\u00a0\u00bbPoppins|600|||||||\u00a0\u00bb price_font_size=\u00a0\u00bb48px\u00a0\u00bb price_letter_spacing=\u00a0\u00bb-0.02em\u00a0\u00bb currency_frequency_font=\u00a0\u00bbPoppins|600|||||||\u00a0\u00bb background_color=\u00a0\u00bbRGBA(255,255,255,0)\u00a0\u00bb text_orientation=\u00a0\u00bbcenter\u00a0\u00bb custom_padding=\u00a0\u00bb30px|20px||20px|false|true\u00a0\u00bb custom_padding_tablet=\u00a0\u00bb30px|30px||30px|false|true\u00a0\u00bb custom_padding_phone=\u00a0\u00bb20px|20px||20px|false|true\u00a0\u00bb custom_padding_last_edited=\u00a0\u00bbon|phone\u00a0\u00bb header_font_size_tablet=\u00a0\u00bb20px\u00a0\u00bb header_font_size_phone=\u00a0\u00bb16px\u00a0\u00bb header_font_size_last_edited=\u00a0\u00bbon|desktop\u00a0\u00bb body_font_size_tablet=\u00a0\u00bb15px\u00a0\u00bb body_font_size_phone=\u00a0\u00bb14px\u00a0\u00bb body_font_size_last_edited=\u00a0\u00bbon|phone\u00a0\u00bb subheader_font_size_tablet=\u00a0\u00bb15px\u00a0\u00bb subheader_font_size_phone=\u00a0\u00bb14px\u00a0\u00bb subheader_font_size_last_edited=\u00a0\u00bbon|desktop\u00a0\u00bb currency_frequency_font_size_tablet=\u00a0\u00bb15px\u00a0\u00bb currency_frequency_font_size_phone=\u00a0\u00bb14px\u00a0\u00bb currency_frequency_font_size_last_edited=\u00a0\u00bbon|phone\u00a0\u00bb custom_css_pricing_top=\u00a0\u00bbborder: 0;||margin: 20px;||border-radius: 10px;\u00a0\u00bb border_width_all=\u00a0\u00bb0px\u00a0\u00bb locked=\u00a0\u00bboff\u00a0\u00bb global_colors_info=\u00a0\u00bb{%22gcid-b1edc6de-4f69-4ae0-82ad-bb59642df629%22:%91%22subheader_text_color%22,%22subheader_text_color%22%93,%22gcid-d47a49fa-a225-478e-adfe-47da13f8136c%22:%91%22header_text_color%22,%22header_text_color%22%93,%22gcid-315a0a75-c382-4897-a39c-c505e682ffc2%22:%91%22body_text_color%22,%22body_text_color%22%93}\u00a0\u00bb][et_pb_pricing_table title=\u00a0\u00bbAjouter votre cours\u00a0\u00bb currency=\u00a0\u00bb$\u00a0\u00bb sum=\u00a0\u00bb0&Prime; button_url=\u00a0\u00bbhttps:\/\/docs.google.com\/forms\/d\/e\/1FAIpQLScIv5AT3_QTvTZliCO78NIhAHIF6RcA-Nr-jlW3l4fd16u0cw\/viewform?usp=pp_url&amp;entry.1364116337=No,+I+want+to+teach+face+to+face+with+no+technological+resources+or+use+my+own+LMS.\u00a0\u00bb button_text=\u00a0\u00bbPostulez maintenant\u00a0\u00bb price_background_color=\u00a0\u00bbgcid-256a1468-764e-4860-88ce-aa09044cc9e2&Prime; _builder_version=\u00a0\u00bb4.22.1&Prime; _module_preset=\u00a0\u00bbdefault\u00a0\u00bb price_text_color=\u00a0\u00bbgcid-315a0a75-c382-4897-a39c-c505e682ffc2&Prime; header_text_color=\u00a0\u00bbgcid-315a0a75-c382-4897-a39c-c505e682ffc2&Prime; subheader_text_color=\u00a0\u00bbgcid-315a0a75-c382-4897-a39c-c505e682ffc2&Prime; custom_button=\u00a0\u00bbon\u00a0\u00bb button_text_size=\u00a0\u00bb14px\u00a0\u00bb button_text_color=\u00a0\u00bb#000000&Prime; button_bg_color=\u00a0\u00bbRGBA(255,255,255,0)\u00a0\u00bb button_border_width=\u00a0\u00bb2px\u00a0\u00bb button_border_radius=\u00a0\u00bb100px\u00a0\u00bb button_letter_spacing=\u00a0\u00bb-0.01em\u00a0\u00bb button_font=\u00a0\u00bbPoppins|600|||||||\u00a0\u00bb button_custom_padding=\u00a0\u00bb16px|24px|16px|24px|true|true\u00a0\u00bb border_radii=\u00a0\u00bbon|24px|24px|24px|24px\u00a0\u00bb border_width_all=\u00a0\u00bb1px\u00a0\u00bb border_color_all=\u00a0\u00bb#000000&Prime; box_shadow_style=\u00a0\u00bbpreset4&Prime; box_shadow_horizontal=\u00a0\u00bb0px\u00a0\u00bb box_shadow_vertical=\u00a0\u00bb100px\u00a0\u00bb box_shadow_blur=\u00a0\u00bb100px\u00a0\u00bb box_shadow_color=\u00a0\u00bbrgba(194,194,200,0.4)\u00a0\u00bb global_colors_info=\u00a0\u00bb{%22gcid-315a0a75-c382-4897-a39c-c505e682ffc2%22:%91%22header_text_color%22,%22subheader_text_color%22,%22price_text_color%22%93,%22gcid-256a1468-764e-4860-88ce-aa09044cc9e2%22:%91%22price_background_color%22%93}\u00a0\u00bb sticky_transition=\u00a0\u00bbon\u00a0\u00bb]<\/p>\n<p>Postulez maintenant pour ajouter votre cours<br \/>Les \u00e9tudiants peuvent vous trouver sur GProCourses et se joindre \u00e0 votre classe.<\/p>\n<p>[\/et_pb_pricing_table][\/et_pb_pricing_tables][\/et_pb_column][et_pb_column type=\u00a0\u00bb1_3&Prime; _builder_version=\u00a0\u00bb4.18.0&Prime; _module_preset=\u00a0\u00bbdefault\u00a0\u00bb global_colors_info=\u00a0\u00bb{}\u00a0\u00bb][et_pb_pricing_tables header_background_color=\u00a0\u00bbRGBA(255,255,255,0)\u00a0\u00bb show_bullet=\u00a0\u00bboff\u00a0\u00bb _builder_version=\u00a0\u00bb4.22.1&Prime; _module_preset=\u00a0\u00bbdefault\u00a0\u00bb excluded_text_color=\u00a0\u00bbrgba(32,34,37,0.6)\u00a0\u00bb subheader_text_color=\u00a0\u00bbgcid-b1edc6de-4f69-4ae0-82ad-bb59642df629&Prime; body_text_color=\u00a0\u00bb#202225&Prime; header_text_color=\u00a0\u00bbgcid-d47a49fa-a225-478e-adfe-47da13f8136c\u00a0\u00bb header_font=\u00a0\u00bbOswald|700|||||||\u00a0\u00bb header_font_size=\u00a0\u00bb22px\u00a0\u00bb header_letter_spacing=\u00a0\u00bb-0.02em\u00a0\u00bb header_line_height=\u00a0\u00bb1.4em\u00a0\u00bb body_font=\u00a0\u00bbPoppins|500|||||||\u00a0\u00bb subheader_font=\u00a0\u00bbPoppins|600|||||||\u00a0\u00bb subheader_font_size=\u00a0\u00bb16px\u00a0\u00bb price_font=\u00a0\u00bbPoppins|600|||||||\u00a0\u00bb price_font_size=\u00a0\u00bb72px\u00a0\u00bb price_letter_spacing=\u00a0\u00bb-0.02em\u00a0\u00bb currency_frequency_font=\u00a0\u00bbPoppins|600|||||||\u00a0\u00bb background_color=\u00a0\u00bbRGBA(255,255,255,0)\u00a0\u00bb custom_button=\u00a0\u00bbon\u00a0\u00bb text_orientation=\u00a0\u00bbcenter\u00a0\u00bb custom_padding=\u00a0\u00bb30px|20px||20px|false|true\u00a0\u00bb custom_padding_tablet=\u00a0\u00bb30px|30px||30px|false|true\u00a0\u00bb custom_padding_phone=\u00a0\u00bb20px|20px||20px|false|true\u00a0\u00bb custom_padding_last_edited=\u00a0\u00bbon|phone\u00a0\u00bb header_font_size_tablet=\u00a0\u00bb20px\u00a0\u00bb header_font_size_phone=\u00a0\u00bb16px\u00a0\u00bb header_font_size_last_edited=\u00a0\u00bbon|desktop\u00a0\u00bb body_font_size_tablet=\u00a0\u00bb15px\u00a0\u00bb body_font_size_phone=\u00a0\u00bb14px\u00a0\u00bb body_font_size_last_edited=\u00a0\u00bbon|phone\u00a0\u00bb subheader_font_size_tablet=\u00a0\u00bb15px\u00a0\u00bb subheader_font_size_phone=\u00a0\u00bb14px\u00a0\u00bb subheader_font_size_last_edited=\u00a0\u00bbon|desktop\u00a0\u00bb currency_frequency_font_size_tablet=\u00a0\u00bb15px\u00a0\u00bb currency_frequency_font_size_phone=\u00a0\u00bb14px\u00a0\u00bb currency_frequency_font_size_last_edited=\u00a0\u00bbon|phone\u00a0\u00bb custom_css_pricing_top=\u00a0\u00bbborder: 0;||margin: 20px;||border-radius: 10px;\u00a0\u00bb border_width_all=\u00a0\u00bb0px\u00a0\u00bb locked=\u00a0\u00bboff\u00a0\u00bb global_colors_info=\u00a0\u00bb{%22gcid-b1edc6de-4f69-4ae0-82ad-bb59642df629%22:%91%22subheader_text_color%22%93,%22gcid-d47a49fa-a225-478e-adfe-47da13f8136c%22:%91%22header_text_color%22%93,%22gcid-315a0a75-c382-4897-a39c-c505e682ffc2%22:%91%22body_text_color%22%93}\u00a0\u00bb][et_pb_pricing_table title=\u00a0\u00bbLMS pr\u00e9charg\u00e9 \u00a0\u00bb currency=\u00a0\u00bb$\u00a0\u00bb per=\u00a0\u00bbconfiguration\u00a0\u00bb sum=\u00a0\u00bb50&Prime; button_url=\u00a0\u00bbhttps:\/\/docs.google.com\/forms\/d\/e\/1FAIpQLScIv5AT3_QTvTZliCO78NIhAHIF6RcA-Nr-jlW3l4fd16u0cw\/viewform?usp=pp_url&amp;entry.1364116337=Yes,+I+want+an+LMS+account+(with+the+relevant+GPro+Course+pre-loaded)+to+resource+and+administer+my+students+($50)\u00a0\u00bb button_text=\u00a0\u00bbPostulez maintenant\u00a0\u00bb price_background_color=\u00a0\u00bbrgba(255,255,255,0.2)\u00a0\u00bb _builder_version=\u00a0\u00bb4.22.1&Prime; _module_preset=\u00a0\u00bbdefault\u00a0\u00bb price_text_color=\u00a0\u00bbgcid-315a0a75-c382-4897-a39c-c505e682ffc2&Prime; header_text_color=\u00a0\u00bbgcid-315a0a75-c382-4897-a39c-c505e682ffc2&Prime; subheader_text_color=\u00a0\u00bbgcid-315a0a75-c382-4897-a39c-c505e682ffc2&Prime; use_background_color_gradient=\u00a0\u00bbon\u00a0\u00bb background_color_gradient_direction=\u00a0\u00bb140deg\u00a0\u00bb background_color_gradient_stops=\u00a0\u00bbrgba(255,205,51,0.57) 0%|#ffcd33 100%\u00a0\u00bb custom_button=\u00a0\u00bbon\u00a0\u00bb button_text_size=\u00a0\u00bb14px\u00a0\u00bb button_text_color=\u00a0\u00bb#000000&Prime; button_bg_color=\u00a0\u00bbgcid-256a1468-764e-4860-88ce-aa09044cc9e2&Prime; button_border_width=\u00a0\u00bb0px\u00a0\u00bb button_border_radius=\u00a0\u00bb100px\u00a0\u00bb button_letter_spacing=\u00a0\u00bb-0.01em\u00a0\u00bb button_font=\u00a0\u00bbPoppins|600|||||||\u00a0\u00bb button_custom_padding=\u00a0\u00bb16px|24px|16px|24px|true|true\u00a0\u00bb border_radii=\u00a0\u00bbon|24px|24px|24px|24px\u00a0\u00bb box_shadow_style=\u00a0\u00bbpreset4&Prime; box_shadow_horizontal=\u00a0\u00bb0px\u00a0\u00bb box_shadow_vertical=\u00a0\u00bb100px\u00a0\u00bb box_shadow_blur=\u00a0\u00bb100px\u00a0\u00bb box_shadow_color=\u00a0\u00bbrgba(194,194,200,0.4)\u00a0\u00bb global_colors_info=\u00a0\u00bb{%22gcid-315a0a75-c382-4897-a39c-c505e682ffc2%22:%91%22header_text_color%22,%22subheader_text_color%22,%22price_text_color%22%93,%22gcid-256a1468-764e-4860-88ce-aa09044cc9e2%22:%91%22button_bg_color%22%93}\u00a0\u00bb sticky_transition=\u00a0\u00bbon\u00a0\u00bb]<\/p>\n<p><strong>Tout ce qui se trouve dans \u00ab Ajouter votre cours \u00bb et:<\/strong><br \/>Le compte de la plateforme d&rsquo;apprentissage en ligne de premier rang au monde, Canvas LMS.<br \/>Utilisez-le pour soutenir l&rsquo;enseignement en ligne ou hors ligne.<br \/>Utilisez un cours pr\u00e9charg\u00e9 dans l&rsquo;un des 7 Emphases fondamentales pour former vos \u00e9tudiants en ligne<br \/>Seulement 1 $ par \u00e9tudiant et par mois pour utiliser le LMS (10 \u00e9tudiants minimum).<br \/>Formation<br \/>Support technique<\/p>\n<p>[\/et_pb_pricing_table][\/et_pb_pricing_tables][\/et_pb_column][et_pb_column type=\u00a0\u00bb1_3&Prime; _builder_version=\u00a0\u00bb4.18.0&Prime; _module_preset=\u00a0\u00bbdefault\u00a0\u00bb global_colors_info=\u00a0\u00bb{}\u00a0\u00bb][et_pb_pricing_tables header_background_color=\u00a0\u00bbRGBA(255,255,255,0)\u00a0\u00bb show_bullet=\u00a0\u00bboff\u00a0\u00bb _builder_version=\u00a0\u00bb4.22.1&Prime; _module_preset=\u00a0\u00bbdefault\u00a0\u00bb excluded_text_color=\u00a0\u00bbrgba(32,34,37,0.6)\u00a0\u00bb currency_frequency_text_color=\u00a0\u00bb#FFFFFF\u00a0\u00bb subheader_text_color=\u00a0\u00bbgcid-b1edc6de-4f69-4ae0-82ad-bb59642df629&Prime; body_text_color=\u00a0\u00bb#202225&Prime; header_text_color=\u00a0\u00bbgcid-d47a49fa-a225-478e-adfe-47da13f8136c\u00a0\u00bb header_font=\u00a0\u00bbPoppins|700|||||||\u00a0\u00bb header_font_size=\u00a0\u00bb22px\u00a0\u00bb header_letter_spacing=\u00a0\u00bb-0.02em\u00a0\u00bb header_line_height=\u00a0\u00bb1.4em\u00a0\u00bb body_font=\u00a0\u00bbPoppins|500|||||||\u00a0\u00bb subheader_font=\u00a0\u00bbPoppins|600|||||||\u00a0\u00bb subheader_font_size=\u00a0\u00bb16px\u00a0\u00bb price_font=\u00a0\u00bbPoppins|600|||||||\u00a0\u00bb price_font_size=\u00a0\u00bb72px\u00a0\u00bb price_letter_spacing=\u00a0\u00bb-0.02em\u00a0\u00bb currency_frequency_font=\u00a0\u00bbPoppins|600|||||||\u00a0\u00bb background_color=\u00a0\u00bbRGBA(255,255,255,0)\u00a0\u00bb text_orientation=\u00a0\u00bbcenter\u00a0\u00bb custom_padding=\u00a0\u00bb30px|20px||20px|false|true\u00a0\u00bb custom_padding_tablet=\u00a0\u00bb30px|30px||30px|false|true\u00a0\u00bb custom_padding_phone=\u00a0\u00bb20px|20px||20px|false|true\u00a0\u00bb custom_padding_last_edited=\u00a0\u00bbon|phone\u00a0\u00bb header_font_size_tablet=\u00a0\u00bb20px\u00a0\u00bb header_font_size_phone=\u00a0\u00bb16px\u00a0\u00bb header_font_size_last_edited=\u00a0\u00bbon|desktop\u00a0\u00bb body_font_size_tablet=\u00a0\u00bb15px\u00a0\u00bb body_font_size_phone=\u00a0\u00bb14px\u00a0\u00bb body_font_size_last_edited=\u00a0\u00bbon|phone\u00a0\u00bb subheader_font_size_tablet=\u00a0\u00bb15px\u00a0\u00bb subheader_font_size_phone=\u00a0\u00bb14px\u00a0\u00bb subheader_font_size_last_edited=\u00a0\u00bbon|desktop\u00a0\u00bb currency_frequency_font_size_tablet=\u00a0\u00bb15px\u00a0\u00bb currency_frequency_font_size_phone=\u00a0\u00bb14px\u00a0\u00bb currency_frequency_font_size_last_edited=\u00a0\u00bbon|phone\u00a0\u00bb custom_css_pricing_top=\u00a0\u00bbborder: 0;||margin: 20px;||border-radius: 10px;\u00a0\u00bb border_width_all=\u00a0\u00bb0px\u00a0\u00bb locked=\u00a0\u00bboff\u00a0\u00bb global_colors_info=\u00a0\u00bb{%22gcid-b1edc6de-4f69-4ae0-82ad-bb59642df629%22:%91%22subheader_text_color%22,%22currency_frequency_text_color%22,%22subheader_text_color%22%93,%22gcid-d47a49fa-a225-478e-adfe-47da13f8136c%22:%91%22header_text_color%22,%22header_text_color%22%93,%22gcid-315a0a75-c382-4897-a39c-c505e682ffc2%22:%91%22body_text_color%22,%22body_text_color%22%93}\u00a0\u00bb][et_pb_pricing_table title=\u00a0\u00bbLMS personnalis\u00e9\u00a0\u00bb currency=\u00a0\u00bb$\u00a0\u00bb per=\u00a0\u00bbconfiguration\u00a0\u00bb sum=\u00a0\u00bb160&Prime; button_url=\u00a0\u00bbhttps:\/\/docs.google.com\/forms\/d\/e\/1FAIpQLScIv5AT3_QTvTZliCO78NIhAHIF6RcA-Nr-jlW3l4fd16u0cw\/viewform?usp=pp_url&amp;entry.1364116337=Yes,+I+want+an+LMS+account+but+with+my+own+course+material+loaded+($160)\u00a0\u00bb button_text=\u00a0\u00bbPostulez maintenant\u00a0\u00bb price_background_color=\u00a0\u00bb#000000&Prime; _builder_version=\u00a0\u00bb4.22.1&Prime; _module_preset=\u00a0\u00bbdefault\u00a0\u00bb price_text_color=\u00a0\u00bb#FFFFFF\u00a0\u00bb header_font=\u00a0\u00bbOswald|700|||||||\u00a0\u00bb header_text_color=\u00a0\u00bbgcid-315a0a75-c382-4897-a39c-c505e682ffc2&Prime; subheader_text_color=\u00a0\u00bbgcid-315a0a75-c382-4897-a39c-c505e682ffc2&Prime; use_background_color_gradient=\u00a0\u00bbon\u00a0\u00bb background_color_gradient_direction=\u00a0\u00bb225deg\u00a0\u00bb background_color_gradient_stops=\u00a0\u00bb#ffffff 0%|#b3b3b3 100%\u00a0\u00bb custom_button=\u00a0\u00bbon\u00a0\u00bb button_text_size=\u00a0\u00bb14px\u00a0\u00bb button_text_color=\u00a0\u00bb#FFFFFF\u00a0\u00bb button_bg_color=\u00a0\u00bb#000000&Prime; button_border_width=\u00a0\u00bb0px\u00a0\u00bb button_border_radius=\u00a0\u00bb100px\u00a0\u00bb button_letter_spacing=\u00a0\u00bb-0.01em\u00a0\u00bb button_font=\u00a0\u00bbPoppins|600|||||||\u00a0\u00bb button_custom_padding=\u00a0\u00bb16px|24px|16px|24px|true|true\u00a0\u00bb border_radii=\u00a0\u00bbon|24px|24px|24px|24px\u00a0\u00bb border_width_all=\u00a0\u00bb1px\u00a0\u00bb border_color_all=\u00a0\u00bb#000000&Prime; box_shadow_style=\u00a0\u00bbpreset4&Prime; box_shadow_horizontal=\u00a0\u00bb0px\u00a0\u00bb box_shadow_vertical=\u00a0\u00bb100px\u00a0\u00bb box_shadow_blur=\u00a0\u00bb100px\u00a0\u00bb box_shadow_color=\u00a0\u00bbrgba(194,194,200,0.4)\u00a0\u00bb global_colors_info=\u00a0\u00bb{%22gcid-315a0a75-c382-4897-a39c-c505e682ffc2%22:%91%22header_text_color%22,%22subheader_text_color%22%93}\u00a0\u00bb sticky_transition=\u00a0\u00bbon\u00a0\u00bb]<\/p>\n<p><strong>Tout ce qui se trouve dans le \u00ab LMS pr\u00e9charg\u00e9 \u00bb et<\/strong><\/p>\n<p>Service de configuration de cours pour votre propre cours de base<\/p>\n<p>6 mois de support pour votre cours.<\/p>\n<p>Des cours suppl\u00e9mentaires peuvent \u00eatre mis en place \u00e0 120 $ par cours.<\/p>\n<p>[\/et_pb_pricing_table][\/et_pb_pricing_tables][\/et_pb_column][\/et_pb_row][\/et_pb_section]<\/p>\n","protected":false},"excerpt":{"rendered":"<p>Soumettre des coursUne plateforme abordable pour VOS cours Les formateurs de pasteurs \u00e0 la recherche de solutions rentables pour \u00e9tablir leurs propres cours en ligne peuvent tirer parti du syst\u00e8me de gestion de l&rsquo;apprentissage ( LMS ) interne de GProCourses. Maintenant, vos cours peuvent \u00eatre des options pour les \u00e9tudiants de GProCourses.org qui ont \u00e9t\u00e9 [&hellip;]<\/p>\n","protected":false},"author":12,"featured_media":0,"parent":0,"menu_order":0,"comment_status":"closed","ping_status":"closed","template":"","meta":{"_et_pb_use_builder":"on","_et_pb_old_content":"","_et_gb_content_width":"","footnotes":""},"class_list":["post-1246","page","type-page","status-publish","hentry"],"_links":{"self":[{"href":"https:\/\/gprocourses.org\/fr\/wp-json\/wp\/v2\/pages\/1246","targetHints":{"allow":["GET"]}}],"collection":[{"href":"https:\/\/gprocourses.org\/fr\/wp-json\/wp\/v2\/pages"}],"about":[{"href":"https:\/\/gprocourses.org\/fr\/wp-json\/wp\/v2\/types\/page"}],"author":[{"embeddable":true,"href":"https:\/\/gprocourses.org\/fr\/wp-json\/wp\/v2\/users\/12"}],"replies":[{"embeddable":true,"href":"https:\/\/gprocourses.org\/fr\/wp-json\/wp\/v2\/comments?post=1246"}],"version-history":[{"count":5,"href":"https:\/\/gprocourses.org\/fr\/wp-json\/wp\/v2\/pages\/1246\/revisions"}],"predecessor-version":[{"id":1254,"href":"https:\/\/gprocourses.org\/fr\/wp-json\/wp\/v2\/pages\/1246\/revisions\/1254"}],"wp:attachment":[{"href":"https:\/\/gprocourses.org\/fr\/wp-json\/wp\/v2\/media?parent=1246"}],"curies":[{"name":"wp","href":"https:\/\/api.w.org\/{rel}","templated":true}]}}