{"id":1230,"date":"2024-07-16T17:47:23","date_gmt":"2024-07-16T17:47:23","guid":{"rendered":"https:\/\/gprocourses.org\/completer-levaluation\/"},"modified":"2025-06-01T19:58:18","modified_gmt":"2025-06-01T19:58:18","slug":"completer-levaluation","status":"publish","type":"page","link":"https:\/\/gprocourses.org\/fr\/completer-levaluation\/","title":{"rendered":"Compl\u00e9ter l&rsquo;\u00e9valuation"},"content":{"rendered":"<p>[et_pb_section fb_built=\u00a0\u00bb1&Prime; admin_label=\u00a0\u00bbIntroduction\u00a0\u00bb _builder_version=\u00a0\u00bb4.22.1&Prime; _module_preset=\u00a0\u00bbdefault\u00a0\u00bb background_color=\u00a0\u00bbgcid-f6a3689d-a668-4350-af50-132b2d07b02b\u00a0\u00bb background_image=\u00a0\u00bbhttps:\/\/gprocourses.org\/wp-content\/uploads\/2023\/10\/makeup-studio-47.png\u00a0\u00bb parallax=\u00a0\u00bbon\u00a0\u00bb collapsed=\u00a0\u00bboff\u00a0\u00bb global_colors_info=\u00a0\u00bb{%22gcid-f6a3689d-a668-4350-af50-132b2d07b02b%22:%91%22background_color%22%93}\u00a0\u00bb][et_pb_row _builder_version=\u00a0\u00bb4.20.2&Prime; _module_preset=\u00a0\u00bbdefault\u00a0\u00bb global_colors_info=\u00a0\u00bb{}\u00a0\u00bb][et_pb_column type=\u00a0\u00bb4_4&Prime; _builder_version=\u00a0\u00bb4.19.2&Prime; _module_preset=\u00a0\u00bbdefault\u00a0\u00bb global_colors_info=\u00a0\u00bb{}\u00a0\u00bb][et_pb_text _builder_version=\u00a0\u00bb4.22.1&Prime; _module_preset=\u00a0\u00bb83f8b3a1-4964-40a4-8258-89cafd12395e\u00a0\u00bb header_font=\u00a0\u00bb||||||||\u00a0\u00bb header_font_size=\u00a0\u00bb80px\u00a0\u00bb header_line_height=\u00a0\u00bb1.2em\u00a0\u00bb header_font_size_tablet=\u00a0\u00bb\u00a0\u00bb header_font_size_phone=\u00a0\u00bb\u00a0\u00bb header_font_size_last_edited=\u00a0\u00bbon|desktop\u00a0\u00bb global_colors_info=\u00a0\u00bb{}\u00a0\u00bb]<\/p>\n<h1>Compl\u00e9ter l&rsquo;\u00e9valuation<\/h1>\n<p>[\/et_pb_text][et_pb_video src=\u00a0\u00bbhttps:\/\/gprocourses.org\/wp-content\/uploads\/2024\/06\/CompleteAssessment_min.mp4&Prime; _builder_version=\u00a0\u00bb4.25.2&Prime; _module_preset=\u00a0\u00bbdefault\u00a0\u00bb global_colors_info=\u00a0\u00bb{}\u00a0\u00bb][\/et_pb_video][\/et_pb_column][\/et_pb_row][et_pb_row column_structure=\u00a0\u00bb1_2,1_2&Prime; _builder_version=\u00a0\u00bb4.22.1&Prime; _module_preset=\u00a0\u00bbdefault\u00a0\u00bb global_colors_info=\u00a0\u00bb{}\u00a0\u00bb][et_pb_column type=\u00a0\u00bb1_2&Prime; _builder_version=\u00a0\u00bb4.22.1&Prime; _module_preset=\u00a0\u00bbdefault\u00a0\u00bb overflow-x=\u00a0\u00bbvisible\u00a0\u00bb overflow-y=\u00a0\u00bbvisible\u00a0\u00bb custom_padding=\u00a0\u00bb30px|30px|30px|30px|true|true\u00a0\u00bb global_colors_info=\u00a0\u00bb{}\u00a0\u00bb][et_pb_text _builder_version=\u00a0\u00bb4.22.1&Prime; _module_preset=\u00a0\u00bbda72ac87-7eb6-42af-9fe3-5c8fe38c13ff\u00a0\u00bb global_colors_info=\u00a0\u00bb{}\u00a0\u00bb]<\/p>\n<h1>Le cadre des 7 Emphases fondamentales de la GProCommission<\/h1>\n<p>[\/et_pb_text][et_pb_text _builder_version=\u00a0\u00bb4.27.0&Prime; _module_preset=\u00a0\u00bb25424015-50a2-43b0-96f3-66b5dc6e6059&Prime; hover_enabled=\u00a0\u00bb0&Prime; header_font_size_tablet=\u00a0\u00bb55px\u00a0\u00bb header_font_size_last_edited=\u00a0\u00bboff|desktop\u00a0\u00bb global_colors_info=\u00a0\u00bb{}\u00a0\u00bb sticky_enabled=\u00a0\u00bb0&Prime;]<\/p>\n<p><span style=\"font-weight: 400;\">Le cadre des 7 Emphases fondamentales de la GProCommission d\u00e9finit les domaines cl\u00e9s pour une formation efficace des pasteurs. Il ne s&rsquo;agit pas de cours mais <\/span><span style=\"font-weight: 400;\"><i>de domaines d&rsquo;apprentissage essentiels <\/i><\/span><span style=\"font-weight: 400;\">pour les leaders pastoraux.<\/span><\/p>\n<p><span style=\"font-weight: 400;\"><\/span><span style=\"font-weight: 400;\">Les leaders pastoraux et les formateurs peuvent \u00e9valuer leurs comp\u00e9tences dans ces 7 emphases en utilisant l&rsquo;outil d&rsquo;auto-\u00e9valuation des 7 Emphases fondamentales.<\/span><\/p>\n<p><span style=\"font-weight: 400;\"><\/span><span style=\"font-weight: 400;\">Cliquez sur le bouton \u00ab auto-\u00e9valuation \u00bb pour une \u00e9valuation en ligne, et recevez les r\u00e9sultats par e-mail une fois l&rsquo;\u00e9valuation termin\u00e9e.<\/span><\/p>\n<p><span style=\"font-weight: 400;\">Pr\u00eat \u00e0 voir vos r\u00e9sultats ? Cliquez sur le bouton ci-dessous pour effectuer l&rsquo;\u00e9valuation de 20 minutes.<\/span><\/p>\n<p>[\/et_pb_text][et_pb_button button_url=\u00a0\u00bbhttps:\/\/forms.gle\/LYS2AjnTXdnRpsNz6&Prime; url_new_window=\u00a0\u00bbon\u00a0\u00bb button_text=\u00a0\u00bbAuto-\u00e9valuation\u00a0\u00bb button_alignment=\u00a0\u00bbcenter\u00a0\u00bb _builder_version=\u00a0\u00bb4.22.1&Prime; _module_preset=\u00a0\u00bbdefault\u00a0\u00bb custom_button=\u00a0\u00bbon\u00a0\u00bb button_text_size=\u00a0\u00bb28px\u00a0\u00bb button_text_color=\u00a0\u00bb#FFFFFF\u00a0\u00bb button_bg_color=\u00a0\u00bb#e02b20&Prime; button_border_radius=\u00a0\u00bb31px\u00a0\u00bb button_icon=\u00a0\u00bb&#xf46c;||fa||900&Prime; button_text_shadow_style=\u00a0\u00bbpreset3&Prime; button_text_shadow_color=\u00a0\u00bbrgba(0,0,0,0.79)\u00a0\u00bb box_shadow_style=\u00a0\u00bbpreset3&Prime; global_colors_info=\u00a0\u00bb{}\u00a0\u00bb][\/et_pb_button][\/et_pb_column][et_pb_column type=\u00a0\u00bb1_2&Prime; _builder_version=\u00a0\u00bb4.19.2&Prime; _module_preset=\u00a0\u00bbdefault\u00a0\u00bb overflow-x=\u00a0\u00bbvisible\u00a0\u00bb overflow-y=\u00a0\u00bbvisible\u00a0\u00bb custom_padding=\u00a0\u00bb30px|30px|30px|30px|true|true\u00a0\u00bb border_radii=\u00a0\u00bbon|500px|500px|500px|500px\u00a0\u00bb border_width_all=\u00a0\u00bb6px\u00a0\u00bb border_color_all=\u00a0\u00bb#EBEBEB\u00a0\u00bb global_colors_info=\u00a0\u00bb{}\u00a0\u00bb][et_pb_image src=\u00a0\u00bbhttps:\/\/gprocourses.org\/wp-content\/uploads\/2023\/10\/7-Core-Emphases-Matrix-1.png\u00a0\u00bb title_text=\u00a0\u00bb7 Matrice des principaux domaines d&#039;activit\u00e9\u00a0\u00bb _builder_version=\u00a0\u00bb4.22.1&Prime; _module_preset=\u00a0\u00bbdefault\u00a0\u00bb custom_margin=\u00a0\u00bb||-3px|||\u00a0\u00bb border_radii=\u00a0\u00bbon|500px|500px|500px|500px\u00a0\u00bb border_width_all=\u00a0\u00bb10px\u00a0\u00bb border_color_all=\u00a0\u00bb#FFFFFF\u00a0\u00bb box_shadow_style=\u00a0\u00bbpreset4&Prime; box_shadow_horizontal=\u00a0\u00bb0px\u00a0\u00bb box_shadow_vertical=\u00a0\u00bb0px\u00a0\u00bb box_shadow_spread=\u00a0\u00bb30px\u00a0\u00bb box_shadow_color=\u00a0\u00bbgcid-f6a3689d-a668-4350-af50-132b2d07b02b\u00a0\u00bb global_colors_info=\u00a0\u00bb{%22gcid-f6a3689d-a668-4350-af50-132b2d07b02b%22:%91%22box_shadow_color%22%93}\u00a0\u00bb][\/et_pb_image][et_pb_image src=\u00a0\u00bbhttps:\/\/gprocourses.org\/wp-content\/uploads\/2023\/10\/earth-africa-solid.png\u00a0\u00bb title_text=\u00a0\u00bbterre-afrique-solide\u00a0\u00bb _builder_version=\u00a0\u00bb4.22.1&Prime; _module_preset=\u00a0\u00bbdefault\u00a0\u00bb transform_translate=\u00a0\u00bb128%|-67px\u00a0\u00bb transform_translate_linked=\u00a0\u00bboff\u00a0\u00bb positioning=\u00a0\u00bbabsolute\u00a0\u00bb z_index=\u00a0\u00bb-100&Prime; width=\u00a0\u00bb55%\u00a0\u00bb filter_opacity=\u00a0\u00bb63%\u00a0\u00bb animation_direction=\u00a0\u00bbbottom\u00a0\u00bb motion_trigger_start=\u00a0\u00bbtop\u00a0\u00bb global_colors_info=\u00a0\u00bb{}\u00a0\u00bb][\/et_pb_image][\/et_pb_column][\/et_pb_row][\/et_pb_section]<\/p>\n","protected":false},"excerpt":{"rendered":"<p>Compl\u00e9ter l&rsquo;\u00e9valuationLe cadre des 7 Emphases fondamentales de la GProCommissionLe cadre des 7 Emphases fondamentales de la GProCommission d\u00e9finit les domaines cl\u00e9s pour une formation efficace des pasteurs. Il ne s&rsquo;agit pas de cours mais de domaines d&rsquo;apprentissage essentiels pour les leaders pastoraux. Les leaders pastoraux et les formateurs peuvent \u00e9valuer leurs comp\u00e9tences dans ces [&hellip;]<\/p>\n","protected":false},"author":12,"featured_media":0,"parent":0,"menu_order":0,"comment_status":"closed","ping_status":"closed","template":"","meta":{"_et_pb_use_builder":"on","_et_pb_old_content":"","_et_gb_content_width":"","footnotes":""},"class_list":["post-1230","page","type-page","status-publish","hentry"],"_links":{"self":[{"href":"https:\/\/gprocourses.org\/fr\/wp-json\/wp\/v2\/pages\/1230","targetHints":{"allow":["GET"]}}],"collection":[{"href":"https:\/\/gprocourses.org\/fr\/wp-json\/wp\/v2\/pages"}],"about":[{"href":"https:\/\/gprocourses.org\/fr\/wp-json\/wp\/v2\/types\/page"}],"author":[{"embeddable":true,"href":"https:\/\/gprocourses.org\/fr\/wp-json\/wp\/v2\/users\/12"}],"replies":[{"embeddable":true,"href":"https:\/\/gprocourses.org\/fr\/wp-json\/wp\/v2\/comments?post=1230"}],"version-history":[{"count":8,"href":"https:\/\/gprocourses.org\/fr\/wp-json\/wp\/v2\/pages\/1230\/revisions"}],"predecessor-version":[{"id":2091,"href":"https:\/\/gprocourses.org\/fr\/wp-json\/wp\/v2\/pages\/1230\/revisions\/2091"}],"wp:attachment":[{"href":"https:\/\/gprocourses.org\/fr\/wp-json\/wp\/v2\/media?parent=1230"}],"curies":[{"name":"wp","href":"https:\/\/api.w.org\/{rel}","templated":true}]}}