{"id":1221,"date":"2024-07-16T17:49:01","date_gmt":"2024-07-16T17:49:01","guid":{"rendered":"https:\/\/gprocourses.org\/explorer-la-validation\/"},"modified":"2024-12-18T09:21:35","modified_gmt":"2024-12-18T09:21:35","slug":"explorer-la-validation","status":"publish","type":"page","link":"https:\/\/gprocourses.org\/fr\/explorer-la-validation\/","title":{"rendered":"Explorer la validation"},"content":{"rendered":"<p>[et_pb_section fb_built=\u00a0\u00bb1&Prime; admin_label=\u00a0\u00bbIntroduction\u00a0\u00bb _builder_version=\u00a0\u00bb4.22.1&Prime; _module_preset=\u00a0\u00bbdefault\u00a0\u00bb background_color=\u00a0\u00bbgcid-f6a3689d-a668-4350-af50-132b2d07b02b\u00a0\u00bb background_image=\u00a0\u00bbhttps:\/\/gprocourses.org\/wp-content\/uploads\/2023\/10\/makeup-studio-47.png\u00a0\u00bb parallax=\u00a0\u00bbon\u00a0\u00bb collapsed=\u00a0\u00bboff\u00a0\u00bb global_colors_info=\u00a0\u00bb{%22gcid-f6a3689d-a668-4350-af50-132b2d07b02b%22:%91%22background_color%22%93}\u00a0\u00bb][et_pb_row _builder_version=\u00a0\u00bb4.20.2&Prime; _module_preset=\u00a0\u00bbdefault\u00a0\u00bb global_colors_info=\u00a0\u00bb{}\u00a0\u00bb][et_pb_column type=\u00a0\u00bb4_4&Prime; _builder_version=\u00a0\u00bb4.19.2&Prime; _module_preset=\u00a0\u00bbdefault\u00a0\u00bb global_colors_info=\u00a0\u00bb{}\u00a0\u00bb][et_pb_text _builder_version=\u00a0\u00bb4.25.2&Prime; _module_preset=\u00a0\u00bb83f8b3a1-4964-40a4-8258-89cafd12395e\u00a0\u00bb header_font=\u00a0\u00bb||||||||\u00a0\u00bb header_font_size=\u00a0\u00bb80px\u00a0\u00bb header_line_height=\u00a0\u00bb1.2em\u00a0\u00bb header_font_size_tablet=\u00a0\u00bb\u00a0\u00bb header_font_size_phone=\u00a0\u00bb\u00a0\u00bb header_font_size_last_edited=\u00a0\u00bbon|desktop\u00a0\u00bb global_colors_info=\u00a0\u00bb{}\u00a0\u00bb]<\/p>\n<h1>Explorer la validation<\/h1>\n<p>[\/et_pb_text][et_pb_video src=\u00a0\u00bbhttps:\/\/gprocourses.org\/wp-content\/uploads\/2023\/11\/GPro-7-Core-Emphases-2-optimized.mp4&Prime; _builder_version=\u00a0\u00bb4.25.2&Prime; _module_preset=\u00a0\u00bbdefault\u00a0\u00bb global_colors_info=\u00a0\u00bb{}\u00a0\u00bb][\/et_pb_video][\/et_pb_column][\/et_pb_row][\/et_pb_section][et_pb_section fb_built=\u00a0\u00bb1&Prime; admin_label=\u00a0\u00bbUse 3&Prime; _builder_version=\u00a0\u00bb4.22.1&Prime; _module_preset=\u00a0\u00bbdefault\u00a0\u00bb background_color=\u00a0\u00bbgcid-d69cdd80-7102-4dfa-b2aa-4f565509d968&Prime; background_image=\u00a0\u00bbhttps:\/\/gprocourses.org\/wp-content\/uploads\/2023\/10\/makeup-studio-44.png\u00a0\u00bb background_size=\u00a0\u00bbcustom\u00a0\u00bb background_image_width=\u00a0\u00bb40%\u00a0\u00bb background_position=\u00a0\u00bbtop_right\u00a0\u00bb background_horizontal_offset=\u00a0\u00bb3vw\u00a0\u00bb background_vertical_offset=\u00a0\u00bb4vw\u00a0\u00bb collapsed=\u00a0\u00bbon\u00a0\u00bb global_colors_info=\u00a0\u00bb{%22gcid-d69cdd80-7102-4dfa-b2aa-4f565509d968%22:%91%22background_color%22%93}\u00a0\u00bb][et_pb_row column_structure=\u00a0\u00bb1_2,1_2&Prime; _builder_version=\u00a0\u00bb4.20.2&Prime; _module_preset=\u00a0\u00bbdefault\u00a0\u00bb global_colors_info=\u00a0\u00bb{}\u00a0\u00bb][et_pb_column type=\u00a0\u00bb1_2&Prime; _builder_version=\u00a0\u00bb4.19.2&Prime; _module_preset=\u00a0\u00bbdefault\u00a0\u00bb global_colors_info=\u00a0\u00bb{}\u00a0\u00bb][et_pb_text module_id=\u00a0\u00bbvalidate\u00a0\u00bb _builder_version=\u00a0\u00bb4.27.0&Prime; _module_preset=\u00a0\u00bb7c281463-71d5-4fdf-9642-7f631f8b042c\u00a0\u00bb header_font=\u00a0\u00bb|600|||||||\u00a0\u00bb header_2_font=\u00a0\u00bb||||on||||\u00a0\u00bb hover_enabled=\u00a0\u00bb0&Prime; global_colors_info=\u00a0\u00bb{}\u00a0\u00bb sticky_enabled=\u00a0\u00bb0&Prime;]<\/p>\n<h2>Utiliser les 7 Emphases fondamentales comme cadre de <span>micro-validation :<\/span><\/h2>\n<p>[\/et_pb_text][et_pb_text _builder_version=\u00a0\u00bb4.27.0&Prime; _module_preset=\u00a0\u00bb25424015-50a2-43b0-96f3-66b5dc6e6059&Prime; text_font_size=\u00a0\u00bb19px\u00a0\u00bb hover_enabled=\u00a0\u00bb0&Prime; header_font_size_tablet=\u00a0\u00bb55px\u00a0\u00bb header_font_size_last_edited=\u00a0\u00bboff|desktop\u00a0\u00bb global_colors_info=\u00a0\u00bb{}\u00a0\u00bb sticky_enabled=\u00a0\u00bb0&Prime;]<\/p>\n<p><b>Inscription :<br \/><\/b><span style=\"font-weight: 400;\">Les aspirants leaders pastoraux et ceux qui sont sous-form\u00e9s peuvent s&rsquo;inscrire en tant qu&rsquo;\u00e9tudiants sur la plateforme GProCourses.<\/span><\/p>\n<p><b>Validation :<br \/><\/b><span>Une fois inscrits \u00e0 GProCourses, ceux qui souhaitent obtenir un certificat de validation doivent fournir la preuve qu&rsquo;ils ont suivi des cours dans l&rsquo;un des 7 Emphases fondamentales. Il peut s&rsquo;agir d&rsquo;une photo d&rsquo;un certificat de cours ant\u00e9rieurs, qu&rsquo;ils aient \u00e9t\u00e9 suivis dans un coll\u00e8ge biblique, un s\u00e9minaire ou dans le cadre d&rsquo;un cours non formel d&rsquo;une journ\u00e9e. <\/span><\/p>\n<p style=\"font-weight: 400;\"><b>Ach\u00e8vement :<br \/><\/b><span style=\"font-weight: 400;\">Apr\u00e8s avoir termin\u00e9 avec succ\u00e8s les 7 Emphases fondamentales, les \u00e9tudiants recevront un certificat d&rsquo;ach\u00e8vement de GProCommission. Il comprend un code QR personnalis\u00e9 pour une authentification facile. <\/span><\/p>\n<p style=\"font-weight: 400;\"><span style=\"font-weight: 400;\"><strong>Pr\u00eat \u00e0 \u00eatre <span>valid\u00e9<\/span> ?<\/strong> Cliquez sur le bouton ci-dessous pour vous inscrire :<\/span><\/p>\n<p>[\/et_pb_text][et_pb_button button_url=\u00a0\u00bbhttps:\/\/lms.gprocourses.org\/enroll\/WXP33N\u00a0\u00bb url_new_window=\u00a0\u00bbon\u00a0\u00bb button_text=\u00a0\u00bbObtenir la validation\u00a0\u00bb button_alignment=\u00a0\u00bbcenter\u00a0\u00bb _builder_version=\u00a0\u00bb4.23.3&Prime; _module_preset=\u00a0\u00bbdefault\u00a0\u00bb custom_button=\u00a0\u00bbon\u00a0\u00bb button_text_size=\u00a0\u00bb28px\u00a0\u00bb button_text_color=\u00a0\u00bb#FFFFFF\u00a0\u00bb button_bg_color=\u00a0\u00bb#ffcd33&Prime; button_border_radius=\u00a0\u00bb31px\u00a0\u00bb button_icon=\u00a0\u00bb&#xf46c;||fa||900&Prime; button_text_shadow_style=\u00a0\u00bbpreset3&Prime; button_text_shadow_color=\u00a0\u00bbrgba(0,0,0,0.79)\u00a0\u00bb box_shadow_style=\u00a0\u00bbpreset3&Prime; global_colors_info=\u00a0\u00bb{}\u00a0\u00bb][\/et_pb_button][\/et_pb_column][et_pb_column type=\u00a0\u00bb1_2&Prime; _builder_version=\u00a0\u00bb4.19.2&Prime; _module_preset=\u00a0\u00bbdefault\u00a0\u00bb global_colors_info=\u00a0\u00bb{}\u00a0\u00bb][et_pb_image src=\u00a0\u00bbhttps:\/\/gprocourses.org\/wp-content\/uploads\/2023\/10\/Screenshot-Of-certification-course.png\u00a0\u00bb alt=\u00a0\u00bbDeux graphiques de type diagramme en radar montrant des exemples de r\u00e9sultats de l&#039;outil d&#039;auto-\u00e9valuation des 7 Emphases fondamentales. Les graphiques sont divis\u00e9s en 7 tranches, une tranche pour chacun des 7 axes principaux. Plus la tranche du tableau de r\u00e9sultats est grande, plus la personne \u00e9valu\u00e9e est comp\u00e9tente dans le domaine concern\u00e9. Dans le graphique du haut, la plupart des tranches sont petites, ce qui indique que le destinataire du r\u00e9sultat n&#039;en est qu&#039;au d\u00e9but de sa formation dans la plupart des domaines. Dans le graphique du bas, la plupart des tranches ont atteint leur taille maximale ou s&#039;en approchent, ce qui indique que le destinataire du r\u00e9sultat peut \u00eatre pr\u00eat \u00e0 former des pasteurs dans la plupart des r\u00e9gions.    \u00a0\u00bb title_text=\u00a0\u00bbCapture d&#039;\u00e9cran du cours de certification\u00a0\u00bb align=\u00a0\u00bbcenter\u00a0\u00bb _builder_version=\u00a0\u00bb4.22.1&Prime; _module_preset=\u00a0\u00bbdefault\u00a0\u00bb max_width=\u00a0\u00bb80%\u00a0\u00bb border_radii=\u00a0\u00bbon|22px|22px|22px|22px\u00a0\u00bb border_width_all=\u00a0\u00bb10px\u00a0\u00bb border_color_all=\u00a0\u00bbrgba(214,214,214,0.27)\u00a0\u00bb box_shadow_style=\u00a0\u00bbpreset3&Prime; global_colors_info=\u00a0\u00bb{}\u00a0\u00bb][\/et_pb_image][et_pb_text _builder_version=\u00a0\u00bb4.22.1&Prime; _module_preset=\u00a0\u00bb25424015-50a2-43b0-96f3-66b5dc6e6059&Prime; max_width=\u00a0\u00bb80%\u00a0\u00bb module_alignment=\u00a0\u00bbcenter\u00a0\u00bb global_colors_info=\u00a0\u00bb{}\u00a0\u00bb]<\/p>\n<p><strong>Image ci-dessus :<\/strong> Capture d&rsquo;\u00e9cran du cours de validation de GproCommission o\u00f9 les certificats peuvent \u00eatre t\u00e9l\u00e9charg\u00e9s pour obtenir un <strong>certificat d&rsquo;ach\u00e8vement de GProCommission.<\/strong><\/p>\n<p>[\/et_pb_text][\/et_pb_column][\/et_pb_row][\/et_pb_section]<\/p>\n","protected":false},"excerpt":{"rendered":"<p>Explorer la validationUtiliser les 7 Emphases fondamentales comme cadre de micro-validation :Inscription :Les aspirants leaders pastoraux et ceux qui sont sous-form\u00e9s peuvent s&rsquo;inscrire en tant qu&rsquo;\u00e9tudiants sur la plateforme GProCourses. Validation :Une fois inscrits \u00e0 GProCourses, ceux qui souhaitent obtenir un certificat de validation doivent fournir la preuve qu&rsquo;ils ont suivi des cours dans l&rsquo;un [&hellip;]<\/p>\n","protected":false},"author":12,"featured_media":0,"parent":0,"menu_order":0,"comment_status":"closed","ping_status":"closed","template":"","meta":{"_et_pb_use_builder":"on","_et_pb_old_content":"","_et_gb_content_width":"","footnotes":""},"class_list":["post-1221","page","type-page","status-publish","hentry"],"_links":{"self":[{"href":"https:\/\/gprocourses.org\/fr\/wp-json\/wp\/v2\/pages\/1221","targetHints":{"allow":["GET"]}}],"collection":[{"href":"https:\/\/gprocourses.org\/fr\/wp-json\/wp\/v2\/pages"}],"about":[{"href":"https:\/\/gprocourses.org\/fr\/wp-json\/wp\/v2\/types\/page"}],"author":[{"embeddable":true,"href":"https:\/\/gprocourses.org\/fr\/wp-json\/wp\/v2\/users\/12"}],"replies":[{"embeddable":true,"href":"https:\/\/gprocourses.org\/fr\/wp-json\/wp\/v2\/comments?post=1221"}],"version-history":[{"count":2,"href":"https:\/\/gprocourses.org\/fr\/wp-json\/wp\/v2\/pages\/1221\/revisions"}],"predecessor-version":[{"id":1223,"href":"https:\/\/gprocourses.org\/fr\/wp-json\/wp\/v2\/pages\/1221\/revisions\/1223"}],"wp:attachment":[{"href":"https:\/\/gprocourses.org\/fr\/wp-json\/wp\/v2\/media?parent=1221"}],"curies":[{"name":"wp","href":"https:\/\/api.w.org\/{rel}","templated":true}]}}