{"id":1249,"date":"2024-07-16T17:48:20","date_gmt":"2024-07-16T17:48:20","guid":{"rendered":"https:\/\/gprocourses.org\/enviar-cursos\/"},"modified":"2025-01-21T13:38:26","modified_gmt":"2025-01-21T13:38:26","slug":"enviar-cursos","status":"publish","type":"page","link":"https:\/\/gprocourses.org\/es\/enviar-cursos\/","title":{"rendered":"Enviar Cursos"},"content":{"rendered":"<p>[et_pb_section fb_built=\u00bb1&#8243; admin_label=\u00bbIntroduction\u00bb _builder_version=\u00bb4.22.1&#8243; _module_preset=\u00bbdefault\u00bb background_color=\u00bbgcid-f6a3689d-a668-4350-af50-132b2d07b02b\u00bb background_image=\u00bbhttps:\/\/gprocourses.org\/wp-content\/uploads\/2023\/10\/makeup-studio-47.png\u00bb parallax=\u00bbon\u00bb collapsed=\u00bboff\u00bb global_colors_info=\u00bb{%22gcid-f6a3689d-a668-4350-af50-132b2d07b02b%22:%91%22background_color%22%93}\u00bb][et_pb_row _builder_version=\u00bb4.20.2&#8243; _module_preset=\u00bbdefault\u00bb global_colors_info=\u00bb{}\u00bb][et_pb_column type=\u00bb4_4&#8243; _builder_version=\u00bb4.19.2&#8243; _module_preset=\u00bbdefault\u00bb global_colors_info=\u00bb{}\u00bb][et_pb_text _builder_version=\u00bb4.22.1&#8243; _module_preset=\u00bb83f8b3a1-4964-40a4-8258-89cafd12395e\u00bb header_font=\u00bb||||||||\u00bb header_font_size=\u00bb80px\u00bb header_line_height=\u00bb1.2em\u00bb header_font_size_tablet=\u00bb\u00bb header_font_size_phone=\u00bb\u00bb header_font_size_last_edited=\u00bbon|desktop\u00bb global_colors_info=\u00bb{}\u00bb]<\/p>\n<h1>Enviar Cursos<\/h1>\n<p>[\/et_pb_text][\/et_pb_column][\/et_pb_row][\/et_pb_section][et_pb_section fb_built=\u00bb1&#8243; admin_label=\u00bbUse 2&#8243; _builder_version=\u00bb4.27.0&#8243; _module_preset=\u00bbdefault\u00bb background_color=\u00bbgcid-d69cdd80-7102-4dfa-b2aa-4f565509d968&#8243; background_image=\u00bbhttps:\/\/gprocourses.org\/wp-content\/uploads\/2023\/10\/earth-africa-solid.png\u00bb background_size=\u00bbcustom\u00bb background_image_width=\u00bb23%\u00bb background_position=\u00bbtop_left\u00bb background_horizontal_offset=\u00bb3vw\u00bb background_vertical_offset=\u00bb4vw\u00bb hover_enabled=\u00bb0&#8243; collapsed=\u00bbon\u00bb global_colors_info=\u00bb{%22gcid-d69cdd80-7102-4dfa-b2aa-4f565509d968%22:%91%22background_color%22%93}\u00bb custom_padding=\u00bb0px||||false|false\u00bb sticky_enabled=\u00bb0&#8243;][et_pb_row _builder_version=\u00bb4.27.0&#8243; _module_preset=\u00bbdefault\u00bb hover_enabled=\u00bb0&#8243; sticky_enabled=\u00bb0&#8243; module_alignment=\u00bbcenter\u00bb][et_pb_column _builder_version=\u00bb4.27.0&#8243; _module_preset=\u00bbdefault\u00bb type=\u00bb4_4&#8243;][et_pb_text _builder_version=\u00bb4.27.0&#8243; _module_preset=\u00bbdefault\u00bb hover_enabled=\u00bb0&#8243; sticky_enabled=\u00bb0&#8243;]<\/p>\n<h1 style=\"text-align: left;\">Plataforma Asequible para SUS Cursos<\/h1>\n<p style=\"text-align: left;\">Los capacitadores de pastores que buscan soluciones rentables para crear sus propios cursos en l\u00ednea pueden aprovechar el Sistema de Gesti\u00f3n de Aprendizaje (LMS) interno de GProCourses. Ahora, es posible que sus cursos est\u00e9n disponibles para los estudiantes de <a href=\"http:\/\/gprocourses.org\/\" target=\"_blank\" rel=\"noopener\">GProCourses.org<\/a> que han sido evaluados y est\u00e1n buscando crecer y recibir una certificaci\u00f3n.<\/p>\n<p>[\/et_pb_text][\/et_pb_column][\/et_pb_row][et_pb_row column_structure=\u00bb1_3,1_3,1_3&#8243; _builder_version=\u00bb4.19.2&#8243; _module_preset=\u00bbdefault\u00bb locked=\u00bboff\u00bb global_colors_info=\u00bb{}\u00bb][et_pb_column type=\u00bb1_3&#8243; _builder_version=\u00bb4.19.2&#8243; _module_preset=\u00bbdefault\u00bb global_colors_info=\u00bb{}\u00bb][et_pb_pricing_tables header_background_color=\u00bbRGBA(255,255,255,0)\u00bb show_bullet=\u00bboff\u00bb _builder_version=\u00bb4.22.1&#8243; _module_preset=\u00bbdefault\u00bb excluded_text_color=\u00bbrgba(32,34,37,0.6)\u00bb subheader_text_color=\u00bbgcid-b1edc6de-4f69-4ae0-82ad-bb59642df629&#8243; body_text_color=\u00bb#202225&#8243; header_text_color=\u00bbgcid-d47a49fa-a225-478e-adfe-47da13f8136c\u00bb header_font=\u00bbOswald|700|||||||\u00bb header_font_size=\u00bb22px\u00bb header_letter_spacing=\u00bb-0.02em\u00bb header_line_height=\u00bb1.4em\u00bb body_font=\u00bbPoppins|500|||||||\u00bb subheader_font=\u00bbPoppins|600|||||||\u00bb subheader_font_size=\u00bb16px\u00bb price_font=\u00bbPoppins|600|||||||\u00bb price_font_size=\u00bb48px\u00bb price_letter_spacing=\u00bb-0.02em\u00bb currency_frequency_font=\u00bbPoppins|600|||||||\u00bb background_color=\u00bbRGBA(255,255,255,0)\u00bb text_orientation=\u00bbcenter\u00bb custom_padding=\u00bb30px|20px||20px|false|true\u00bb custom_padding_tablet=\u00bb30px|30px||30px|false|true\u00bb custom_padding_phone=\u00bb20px|20px||20px|false|true\u00bb custom_padding_last_edited=\u00bbon|phone\u00bb header_font_size_tablet=\u00bb20px\u00bb header_font_size_phone=\u00bb16px\u00bb header_font_size_last_edited=\u00bbon|desktop\u00bb body_font_size_tablet=\u00bb15px\u00bb body_font_size_phone=\u00bb14px\u00bb body_font_size_last_edited=\u00bbon|phone\u00bb subheader_font_size_tablet=\u00bb15px\u00bb subheader_font_size_phone=\u00bb14px\u00bb subheader_font_size_last_edited=\u00bbon|desktop\u00bb currency_frequency_font_size_tablet=\u00bb15px\u00bb currency_frequency_font_size_phone=\u00bb14px\u00bb currency_frequency_font_size_last_edited=\u00bbon|phone\u00bb custom_css_pricing_top=\u00bbborder: 0;||margin: 20px;||border-radius: 10px;\u00bb border_width_all=\u00bb0px\u00bb locked=\u00bboff\u00bb global_colors_info=\u00bb{%22gcid-b1edc6de-4f69-4ae0-82ad-bb59642df629%22:%91%22subheader_text_color%22,%22subheader_text_color%22%93,%22gcid-d47a49fa-a225-478e-adfe-47da13f8136c%22:%91%22header_text_color%22,%22header_text_color%22%93,%22gcid-315a0a75-c382-4897-a39c-c505e682ffc2%22:%91%22body_text_color%22,%22body_text_color%22%93}\u00bb][et_pb_pricing_table title=\u00bbRegistre su Curso\u00bb currency=\u00bb$\u00bb sum=\u00bb0&#8243; button_url=\u00bbhttps:\/\/docs.google.com\/forms\/d\/e\/1FAIpQLScIv5AT3_QTvTZliCO78NIhAHIF6RcA-Nr-jlW3l4fd16u0cw\/viewform?usp=pp_url&amp;entry.1364116337=No,+I+want+to+teach+face+to+face+with+no+technological+resources+or+use+my+own+LMS.\u00bb button_text=\u00bbAplicar Ahora\u00bb price_background_color=\u00bbgcid-256a1468-764e-4860-88ce-aa09044cc9e2&#8243; _builder_version=\u00bb4.22.1&#8243; _module_preset=\u00bbdefault\u00bb price_text_color=\u00bbgcid-315a0a75-c382-4897-a39c-c505e682ffc2&#8243; header_text_color=\u00bbgcid-315a0a75-c382-4897-a39c-c505e682ffc2&#8243; subheader_text_color=\u00bbgcid-315a0a75-c382-4897-a39c-c505e682ffc2&#8243; custom_button=\u00bbon\u00bb button_text_size=\u00bb14px\u00bb button_text_color=\u00bb#000000&#8243; button_bg_color=\u00bbRGBA(255,255,255,0)\u00bb button_border_width=\u00bb2px\u00bb button_border_radius=\u00bb100px\u00bb button_letter_spacing=\u00bb-0.01em\u00bb button_font=\u00bbPoppins|600|||||||\u00bb button_custom_padding=\u00bb16px|24px|16px|24px|true|true\u00bb border_radii=\u00bbon|24px|24px|24px|24px\u00bb border_width_all=\u00bb1px\u00bb border_color_all=\u00bb#000000&#8243; box_shadow_style=\u00bbpreset4&#8243; box_shadow_horizontal=\u00bb0px\u00bb box_shadow_vertical=\u00bb100px\u00bb box_shadow_blur=\u00bb100px\u00bb box_shadow_color=\u00bbrgba(194,194,200,0.4)\u00bb global_colors_info=\u00bb{%22gcid-315a0a75-c382-4897-a39c-c505e682ffc2%22:%91%22header_text_color%22,%22subheader_text_color%22,%22price_text_color%22%93,%22gcid-256a1468-764e-4860-88ce-aa09044cc9e2%22:%91%22price_background_color%22%93}\u00bb sticky_transition=\u00bbon\u00bb]<\/p>\n<p>Solicite ahora la inclusi\u00f3n de su curso<br \/>Los estudiantes pueden encontrarle en GProCourses y unirse a su clase.<\/p>\n<p>[\/et_pb_pricing_table][\/et_pb_pricing_tables][\/et_pb_column][et_pb_column type=\u00bb1_3&#8243; _builder_version=\u00bb4.18.0&#8243; _module_preset=\u00bbdefault\u00bb global_colors_info=\u00bb{}\u00bb][et_pb_pricing_tables header_background_color=\u00bbRGBA(255,255,255,0)\u00bb show_bullet=\u00bboff\u00bb _builder_version=\u00bb4.22.1&#8243; _module_preset=\u00bbdefault\u00bb excluded_text_color=\u00bbrgba(32,34,37,0.6)\u00bb subheader_text_color=\u00bbgcid-b1edc6de-4f69-4ae0-82ad-bb59642df629&#8243; body_text_color=\u00bb#202225&#8243; header_text_color=\u00bbgcid-d47a49fa-a225-478e-adfe-47da13f8136c\u00bb header_font=\u00bbOswald|700|||||||\u00bb header_font_size=\u00bb22px\u00bb header_letter_spacing=\u00bb-0.02em\u00bb header_line_height=\u00bb1.4em\u00bb body_font=\u00bbPoppins|500|||||||\u00bb subheader_font=\u00bbPoppins|600|||||||\u00bb subheader_font_size=\u00bb16px\u00bb price_font=\u00bbPoppins|600|||||||\u00bb price_font_size=\u00bb72px\u00bb price_letter_spacing=\u00bb-0.02em\u00bb currency_frequency_font=\u00bbPoppins|600|||||||\u00bb background_color=\u00bbRGBA(255,255,255,0)\u00bb custom_button=\u00bbon\u00bb text_orientation=\u00bbcenter\u00bb custom_padding=\u00bb30px|20px||20px|false|true\u00bb custom_padding_tablet=\u00bb30px|30px||30px|false|true\u00bb custom_padding_phone=\u00bb20px|20px||20px|false|true\u00bb custom_padding_last_edited=\u00bbon|phone\u00bb header_font_size_tablet=\u00bb20px\u00bb header_font_size_phone=\u00bb16px\u00bb header_font_size_last_edited=\u00bbon|desktop\u00bb body_font_size_tablet=\u00bb15px\u00bb body_font_size_phone=\u00bb14px\u00bb body_font_size_last_edited=\u00bbon|phone\u00bb subheader_font_size_tablet=\u00bb15px\u00bb subheader_font_size_phone=\u00bb14px\u00bb subheader_font_size_last_edited=\u00bbon|desktop\u00bb currency_frequency_font_size_tablet=\u00bb15px\u00bb currency_frequency_font_size_phone=\u00bb14px\u00bb currency_frequency_font_size_last_edited=\u00bbon|phone\u00bb custom_css_pricing_top=\u00bbborder: 0;||margin: 20px;||border-radius: 10px;\u00bb border_width_all=\u00bb0px\u00bb locked=\u00bboff\u00bb global_colors_info=\u00bb{%22gcid-b1edc6de-4f69-4ae0-82ad-bb59642df629%22:%91%22subheader_text_color%22%93,%22gcid-d47a49fa-a225-478e-adfe-47da13f8136c%22:%91%22header_text_color%22%93,%22gcid-315a0a75-c382-4897-a39c-c505e682ffc2%22:%91%22body_text_color%22%93}\u00bb][et_pb_pricing_table title=\u00bbLMS Precargado \u00bb currency=\u00bb$\u00bb per=\u00bbconfiguraci\u00f3n\u00bb sum=\u00bb50&#8243; button_url=\u00bbhttps:\/\/docs.google.com\/forms\/d\/e\/1FAIpQLScIv5AT3_QTvTZliCO78NIhAHIF6RcA-Nr-jlW3l4fd16u0cw\/viewform?usp=pp_url&amp;entry.1364116337=Yes,+I+want+an+LMS+account+(with+the+relevant+GPro+Course+pre-loaded)+to+resource+and+administer+my+students+($50)\u00bb button_text=\u00bbAplicar Ahora\u00bb price_background_color=\u00bbrgba(255,255,255,0.2)\u00bb _builder_version=\u00bb4.22.1&#8243; _module_preset=\u00bbdefault\u00bb price_text_color=\u00bbgcid-315a0a75-c382-4897-a39c-c505e682ffc2&#8243; header_text_color=\u00bbgcid-315a0a75-c382-4897-a39c-c505e682ffc2&#8243; subheader_text_color=\u00bbgcid-315a0a75-c382-4897-a39c-c505e682ffc2&#8243; use_background_color_gradient=\u00bbon\u00bb background_color_gradient_direction=\u00bb140deg\u00bb background_color_gradient_stops=\u00bbrgba(255,205,51,0.57) 0%|#ffcd33 100%\u00bb custom_button=\u00bbon\u00bb button_text_size=\u00bb14px\u00bb button_text_color=\u00bb#000000&#8243; button_bg_color=\u00bbgcid-256a1468-764e-4860-88ce-aa09044cc9e2&#8243; button_border_width=\u00bb0px\u00bb button_border_radius=\u00bb100px\u00bb button_letter_spacing=\u00bb-0.01em\u00bb button_font=\u00bbPoppins|600|||||||\u00bb button_custom_padding=\u00bb16px|24px|16px|24px|true|true\u00bb border_radii=\u00bbon|24px|24px|24px|24px\u00bb box_shadow_style=\u00bbpreset4&#8243; box_shadow_horizontal=\u00bb0px\u00bb box_shadow_vertical=\u00bb100px\u00bb box_shadow_blur=\u00bb100px\u00bb box_shadow_color=\u00bbrgba(194,194,200,0.4)\u00bb global_colors_info=\u00bb{%22gcid-315a0a75-c382-4897-a39c-c505e682ffc2%22:%91%22header_text_color%22,%22subheader_text_color%22,%22price_text_color%22%93,%22gcid-256a1468-764e-4860-88ce-aa09044cc9e2%22:%91%22button_bg_color%22%93}\u00bb sticky_transition=\u00bbon\u00bb]<\/p>\n<p><strong>Todo en \u00abRegistre su Curso\u00bb y:<\/strong><br \/>Cuenta en la plataforma de aprendizaje en l\u00ednea l\u00edder en el mundo, Canvas LMS.<br \/>Util\u00edcela para respaldar la ense\u00f1anza en l\u00ednea o fuera de l\u00ednea.<br \/>Utilice un curso ya cargado en uno de los 7 Ejes Principales para capacitar a sus estudiantes en l\u00ednea.<br \/>S\u00f3lo $1 por estudiante por mes para usar el LMS (10 estudiantes m\u00ednimo).<br \/>Capacitaci\u00f3n<br \/>Soporte t\u00e9cnico<\/p>\n<p>[\/et_pb_pricing_table][\/et_pb_pricing_tables][\/et_pb_column][et_pb_column type=\u00bb1_3&#8243; _builder_version=\u00bb4.18.0&#8243; _module_preset=\u00bbdefault\u00bb global_colors_info=\u00bb{}\u00bb][et_pb_pricing_tables header_background_color=\u00bbRGBA(255,255,255,0)\u00bb show_bullet=\u00bboff\u00bb _builder_version=\u00bb4.22.1&#8243; _module_preset=\u00bbdefault\u00bb excluded_text_color=\u00bbrgba(32,34,37,0.6)\u00bb currency_frequency_text_color=\u00bb#FFFFFF\u00bb subheader_text_color=\u00bbgcid-b1edc6de-4f69-4ae0-82ad-bb59642df629&#8243; body_text_color=\u00bb#202225&#8243; header_text_color=\u00bbgcid-d47a49fa-a225-478e-adfe-47da13f8136c\u00bb header_font=\u00bbPoppins|700|||||||\u00bb header_font_size=\u00bb22px\u00bb header_letter_spacing=\u00bb-0.02em\u00bb header_line_height=\u00bb1.4em\u00bb body_font=\u00bbPoppins|500|||||||\u00bb subheader_font=\u00bbPoppins|600|||||||\u00bb subheader_font_size=\u00bb16px\u00bb price_font=\u00bbPoppins|600|||||||\u00bb price_font_size=\u00bb72px\u00bb price_letter_spacing=\u00bb-0.02em\u00bb currency_frequency_font=\u00bbPoppins|600|||||||\u00bb background_color=\u00bbRGBA(255,255,255,0)\u00bb text_orientation=\u00bbcenter\u00bb custom_padding=\u00bb30px|20px||20px|false|true\u00bb custom_padding_tablet=\u00bb30px|30px||30px|false|true\u00bb custom_padding_phone=\u00bb20px|20px||20px|false|true\u00bb custom_padding_last_edited=\u00bbon|phone\u00bb header_font_size_tablet=\u00bb20px\u00bb header_font_size_phone=\u00bb16px\u00bb header_font_size_last_edited=\u00bbon|desktop\u00bb body_font_size_tablet=\u00bb15px\u00bb body_font_size_phone=\u00bb14px\u00bb body_font_size_last_edited=\u00bbon|phone\u00bb subheader_font_size_tablet=\u00bb15px\u00bb subheader_font_size_phone=\u00bb14px\u00bb subheader_font_size_last_edited=\u00bbon|desktop\u00bb currency_frequency_font_size_tablet=\u00bb15px\u00bb currency_frequency_font_size_phone=\u00bb14px\u00bb currency_frequency_font_size_last_edited=\u00bbon|phone\u00bb custom_css_pricing_top=\u00bbborder: 0;||margin: 20px;||border-radius: 10px;\u00bb border_width_all=\u00bb0px\u00bb locked=\u00bboff\u00bb global_colors_info=\u00bb{%22gcid-b1edc6de-4f69-4ae0-82ad-bb59642df629%22:%91%22subheader_text_color%22,%22currency_frequency_text_color%22,%22subheader_text_color%22%93,%22gcid-d47a49fa-a225-478e-adfe-47da13f8136c%22:%91%22header_text_color%22,%22header_text_color%22%93,%22gcid-315a0a75-c382-4897-a39c-c505e682ffc2%22:%91%22body_text_color%22,%22body_text_color%22%93}\u00bb][et_pb_pricing_table title=\u00bbLMS Personalizado\u00bb currency=\u00bb$\u00bb per=\u00bbconfiguraci\u00f3n\u00bb sum=\u00bb160&#8243; button_url=\u00bbhttps:\/\/docs.google.com\/forms\/d\/e\/1FAIpQLScIv5AT3_QTvTZliCO78NIhAHIF6RcA-Nr-jlW3l4fd16u0cw\/viewform?usp=pp_url&amp;entry.1364116337=Yes,+I+want+an+LMS+account+but+with+my+own+course+material+loaded+($160)\u00bb button_text=\u00bbAplicar Ahora\u00bb price_background_color=\u00bb#000000&#8243; _builder_version=\u00bb4.22.1&#8243; _module_preset=\u00bbdefault\u00bb price_text_color=\u00bb#FFFFFF\u00bb header_font=\u00bbOswald|700|||||||\u00bb header_text_color=\u00bbgcid-315a0a75-c382-4897-a39c-c505e682ffc2&#8243; subheader_text_color=\u00bbgcid-315a0a75-c382-4897-a39c-c505e682ffc2&#8243; use_background_color_gradient=\u00bbon\u00bb background_color_gradient_direction=\u00bb225deg\u00bb background_color_gradient_stops=\u00bb#ffffff 0%|#b3b3b3 100%\u00bb custom_button=\u00bbon\u00bb button_text_size=\u00bb14px\u00bb button_text_color=\u00bb#FFFFFF\u00bb button_bg_color=\u00bb#000000&#8243; button_border_width=\u00bb0px\u00bb button_border_radius=\u00bb100px\u00bb button_letter_spacing=\u00bb-0.01em\u00bb button_font=\u00bbPoppins|600|||||||\u00bb button_custom_padding=\u00bb16px|24px|16px|24px|true|true\u00bb border_radii=\u00bbon|24px|24px|24px|24px\u00bb border_width_all=\u00bb1px\u00bb border_color_all=\u00bb#000000&#8243; box_shadow_style=\u00bbpreset4&#8243; box_shadow_horizontal=\u00bb0px\u00bb box_shadow_vertical=\u00bb100px\u00bb box_shadow_blur=\u00bb100px\u00bb box_shadow_color=\u00bbrgba(194,194,200,0.4)\u00bb global_colors_info=\u00bb{%22gcid-315a0a75-c382-4897-a39c-c505e682ffc2%22:%91%22header_text_color%22,%22subheader_text_color%22%93}\u00bb sticky_transition=\u00bbon\u00bb]<\/p>\n<p><strong>Todo en \u00abLMS precargado\u00bb y<\/strong><\/p>\n<p>Servicio de configuraci\u00f3n del curso para su propio curso de eje principal<\/p>\n<p>6 meses de soporte para su curso.<\/p>\n<p>Se pueden configurar cursos adicionales por $120 por curso.<\/p>\n<p>[\/et_pb_pricing_table][\/et_pb_pricing_tables][\/et_pb_column][\/et_pb_row][\/et_pb_section]<\/p>\n","protected":false},"excerpt":{"rendered":"<p>Enviar CursosPlataforma Asequible para SUS Cursos Los capacitadores de pastores que buscan soluciones rentables para crear sus propios cursos en l\u00ednea pueden aprovechar el Sistema de Gesti\u00f3n de Aprendizaje (LMS) interno de GProCourses. Ahora, es posible que sus cursos est\u00e9n disponibles para los estudiantes de GProCourses.org que han sido evaluados y est\u00e1n buscando crecer y [&hellip;]<\/p>\n","protected":false},"author":12,"featured_media":0,"parent":0,"menu_order":0,"comment_status":"closed","ping_status":"closed","template":"","meta":{"_et_pb_use_builder":"on","_et_pb_old_content":"","_et_gb_content_width":"","footnotes":""},"class_list":["post-1249","page","type-page","status-publish","hentry"],"_links":{"self":[{"href":"https:\/\/gprocourses.org\/es\/wp-json\/wp\/v2\/pages\/1249","targetHints":{"allow":["GET"]}}],"collection":[{"href":"https:\/\/gprocourses.org\/es\/wp-json\/wp\/v2\/pages"}],"about":[{"href":"https:\/\/gprocourses.org\/es\/wp-json\/wp\/v2\/types\/page"}],"author":[{"embeddable":true,"href":"https:\/\/gprocourses.org\/es\/wp-json\/wp\/v2\/users\/12"}],"replies":[{"embeddable":true,"href":"https:\/\/gprocourses.org\/es\/wp-json\/wp\/v2\/comments?post=1249"}],"version-history":[{"count":2,"href":"https:\/\/gprocourses.org\/es\/wp-json\/wp\/v2\/pages\/1249\/revisions"}],"predecessor-version":[{"id":1251,"href":"https:\/\/gprocourses.org\/es\/wp-json\/wp\/v2\/pages\/1249\/revisions\/1251"}],"wp:attachment":[{"href":"https:\/\/gprocourses.org\/es\/wp-json\/wp\/v2\/media?parent=1249"}],"curies":[{"name":"wp","href":"https:\/\/api.w.org\/{rel}","templated":true}]}}