{"id":1233,"date":"2024-07-16T17:47:23","date_gmt":"2024-07-16T17:47:23","guid":{"rendered":"https:\/\/gprocourses.org\/completar-la-evaluacion\/"},"modified":"2025-06-01T19:59:46","modified_gmt":"2025-06-01T19:59:46","slug":"completar-la-evaluacion","status":"publish","type":"page","link":"https:\/\/gprocourses.org\/es\/completar-la-evaluacion\/","title":{"rendered":"Completar la Evaluaci\u00f3n"},"content":{"rendered":"<p>[et_pb_section fb_built=\u00bb1&#8243; admin_label=\u00bbIntroduction\u00bb _builder_version=\u00bb4.22.1&#8243; _module_preset=\u00bbdefault\u00bb background_color=\u00bbgcid-f6a3689d-a668-4350-af50-132b2d07b02b\u00bb background_image=\u00bbhttps:\/\/gprocourses.org\/wp-content\/uploads\/2023\/10\/makeup-studio-47.png\u00bb parallax=\u00bbon\u00bb collapsed=\u00bboff\u00bb global_colors_info=\u00bb{%22gcid-f6a3689d-a668-4350-af50-132b2d07b02b%22:%91%22background_color%22%93}\u00bb][et_pb_row _builder_version=\u00bb4.20.2&#8243; _module_preset=\u00bbdefault\u00bb global_colors_info=\u00bb{}\u00bb][et_pb_column type=\u00bb4_4&#8243; _builder_version=\u00bb4.19.2&#8243; _module_preset=\u00bbdefault\u00bb global_colors_info=\u00bb{}\u00bb][et_pb_text _builder_version=\u00bb4.22.1&#8243; _module_preset=\u00bb83f8b3a1-4964-40a4-8258-89cafd12395e\u00bb header_font=\u00bb||||||||\u00bb header_font_size=\u00bb80px\u00bb header_line_height=\u00bb1.2em\u00bb header_font_size_tablet=\u00bb\u00bb header_font_size_phone=\u00bb\u00bb header_font_size_last_edited=\u00bbon|desktop\u00bb global_colors_info=\u00bb{}\u00bb]<\/p>\n<h1>Completar la Evaluaci\u00f3n<\/h1>\n<p>[\/et_pb_text][et_pb_video src=\u00bbhttps:\/\/gprocourses.org\/wp-content\/uploads\/2024\/06\/CompleteAssessment_min.mp4&#8243; _builder_version=\u00bb4.25.2&#8243; _module_preset=\u00bbdefault\u00bb global_colors_info=\u00bb{}\u00bb][\/et_pb_video][\/et_pb_column][\/et_pb_row][et_pb_row column_structure=\u00bb1_2,1_2&#8243; _builder_version=\u00bb4.22.1&#8243; _module_preset=\u00bbdefault\u00bb global_colors_info=\u00bb{}\u00bb][et_pb_column type=\u00bb1_2&#8243; _builder_version=\u00bb4.22.1&#8243; _module_preset=\u00bbdefault\u00bb overflow-x=\u00bbvisible\u00bb overflow-y=\u00bbvisible\u00bb custom_padding=\u00bb30px|30px|30px|30px|true|true\u00bb global_colors_info=\u00bb{}\u00bb][et_pb_text _builder_version=\u00bb4.22.1&#8243; _module_preset=\u00bbda72ac87-7eb6-42af-9fe3-5c8fe38c13ff\u00bb global_colors_info=\u00bb{}\u00bb]<\/p>\n<h1>El Marco de los 7 Ejes Principales de la GProCommission<\/h1>\n<p>[\/et_pb_text][et_pb_text _builder_version=\u00bb4.27.0&#8243; _module_preset=\u00bb25424015-50a2-43b0-96f3-66b5dc6e6059&#8243; hover_enabled=\u00bb0&#8243; header_font_size_tablet=\u00bb55px\u00bb header_font_size_last_edited=\u00bboff|desktop\u00bb global_colors_info=\u00bb{}\u00bb sticky_enabled=\u00bb0&#8243;]<\/p>\n<p><span style=\"font-weight: 400;\">El Marco de los 7 Ejes Principales de la GProCommission define las \u00e1reas clave para una capacitaci\u00f3n pastoral eficaz. No se trata de cursos, sino de <\/span><i><span style=\"font-weight: 400;\">campos de aprendizaje esenciales <\/span><\/i><span style=\"font-weight: 400;\">para los l\u00edderes pastorales.<\/span><\/p>\n<p><span style=\"font-weight: 400;\"><\/span><span style=\"font-weight: 400;\">Los l\u00edderes y capacitadores pastorales pueden evaluar su competencia en estos 7 Ejes Principales utilizando la Herramienta de Autoevaluaci\u00f3n de los 7 Ejes Principales.<\/span><\/p>\n<p><span style=\"font-weight: 400;\"><\/span><span style=\"font-weight: 400;\">Haga clic en el bot\u00f3n \u00abautoevaluaci\u00f3n\u00bb para una evaluaci\u00f3n en l\u00ednea, y reciba los resultados por correo electr\u00f3nico despu\u00e9s de completarla.<\/span><\/p>\n<p><span style=\"font-weight: 400;\">\u00bfListo para ver sus resultados? Haga clic en el bot\u00f3n de abajo para completar la evaluaci\u00f3n de 20 minutos.<\/span><\/p>\n<p>[\/et_pb_text][et_pb_button button_url=\u00bbhttps:\/\/forms.gle\/XMwXvtQHVe3bY3cr6&#8243; url_new_window=\u00bbon\u00bb button_text=\u00bbAutoevaluaci\u00f3n\u00bb button_alignment=\u00bbcenter\u00bb _builder_version=\u00bb4.22.1&#8243; _module_preset=\u00bbdefault\u00bb custom_button=\u00bbon\u00bb button_text_size=\u00bb28px\u00bb button_text_color=\u00bb#FFFFFF\u00bb button_bg_color=\u00bb#e02b20&#8243; button_border_radius=\u00bb31px\u00bb button_icon=\u00bb&#xf46c;||fa||900&#8243; button_text_shadow_style=\u00bbpreset3&#8243; button_text_shadow_color=\u00bbrgba(0,0,0,0.79)\u00bb box_shadow_style=\u00bbpreset3&#8243; global_colors_info=\u00bb{}\u00bb][\/et_pb_button][\/et_pb_column][et_pb_column type=\u00bb1_2&#8243; _builder_version=\u00bb4.19.2&#8243; _module_preset=\u00bbdefault\u00bb overflow-x=\u00bbvisible\u00bb overflow-y=\u00bbvisible\u00bb custom_padding=\u00bb30px|30px|30px|30px|true|true\u00bb border_radii=\u00bbon|500px|500px|500px|500px\u00bb border_width_all=\u00bb6px\u00bb border_color_all=\u00bb#EBEBEB\u00bb global_colors_info=\u00bb{}\u00bb][et_pb_image src=\u00bbhttps:\/\/gprocourses.org\/wp-content\/uploads\/2023\/10\/7-Core-Emphases-Matrix-1.png\u00bb title_text=\u00bb7 Matriz de prioridades b\u00e1sicas\u00bb _builder_version=\u00bb4.22.1&#8243; _module_preset=\u00bbdefault\u00bb custom_margin=\u00bb||-3px|||\u00bb border_radii=\u00bbon|500px|500px|500px|500px\u00bb border_width_all=\u00bb10px\u00bb border_color_all=\u00bb#FFFFFF\u00bb box_shadow_style=\u00bbpreset4&#8243; box_shadow_horizontal=\u00bb0px\u00bb box_shadow_vertical=\u00bb0px\u00bb box_shadow_spread=\u00bb30px\u00bb box_shadow_color=\u00bbgcid-f6a3689d-a668-4350-af50-132b2d07b02b\u00bb global_colors_info=\u00bb{%22gcid-f6a3689d-a668-4350-af50-132b2d07b02b%22:%91%22box_shadow_color%22%93}\u00bb][\/et_pb_image][et_pb_image src=\u00bbhttps:\/\/gprocourses.org\/wp-content\/uploads\/2023\/10\/earth-africa-solid.png\u00bb title_text=\u00bbtierra-africa-s\u00f3lida\u00bb _builder_version=\u00bb4.22.1&#8243; _module_preset=\u00bbdefault\u00bb transform_translate=\u00bb128%|-67px\u00bb transform_translate_linked=\u00bboff\u00bb positioning=\u00bbabsolute\u00bb z_index=\u00bb-100&#8243; width=\u00bb55%\u00bb filter_opacity=\u00bb63%\u00bb animation_direction=\u00bbbottom\u00bb motion_trigger_start=\u00bbtop\u00bb global_colors_info=\u00bb{}\u00bb][\/et_pb_image][\/et_pb_column][\/et_pb_row][\/et_pb_section]<\/p>\n","protected":false},"excerpt":{"rendered":"<p>Completar la Evaluaci\u00f3nEl Marco de los 7 Ejes Principales de la GProCommissionEl Marco de los 7 Ejes Principales de la GProCommission define las \u00e1reas clave para una capacitaci\u00f3n pastoral eficaz. No se trata de cursos, sino de campos de aprendizaje esenciales para los l\u00edderes pastorales. Los l\u00edderes y capacitadores pastorales pueden evaluar su competencia en [&hellip;]<\/p>\n","protected":false},"author":12,"featured_media":0,"parent":0,"menu_order":0,"comment_status":"closed","ping_status":"closed","template":"","meta":{"_et_pb_use_builder":"on","_et_pb_old_content":"","_et_gb_content_width":"","footnotes":""},"class_list":["post-1233","page","type-page","status-publish","hentry"],"_links":{"self":[{"href":"https:\/\/gprocourses.org\/es\/wp-json\/wp\/v2\/pages\/1233","targetHints":{"allow":["GET"]}}],"collection":[{"href":"https:\/\/gprocourses.org\/es\/wp-json\/wp\/v2\/pages"}],"about":[{"href":"https:\/\/gprocourses.org\/es\/wp-json\/wp\/v2\/types\/page"}],"author":[{"embeddable":true,"href":"https:\/\/gprocourses.org\/es\/wp-json\/wp\/v2\/users\/12"}],"replies":[{"embeddable":true,"href":"https:\/\/gprocourses.org\/es\/wp-json\/wp\/v2\/comments?post=1233"}],"version-history":[{"count":8,"href":"https:\/\/gprocourses.org\/es\/wp-json\/wp\/v2\/pages\/1233\/revisions"}],"predecessor-version":[{"id":2097,"href":"https:\/\/gprocourses.org\/es\/wp-json\/wp\/v2\/pages\/1233\/revisions\/2097"}],"wp:attachment":[{"href":"https:\/\/gprocourses.org\/es\/wp-json\/wp\/v2\/media?parent=1233"}],"curies":[{"name":"wp","href":"https:\/\/api.w.org\/{rel}","templated":true}]}}